{"id":100,"date":"2022-07-20T16:37:29","date_gmt":"2022-07-20T19:37:29","guid":{"rendered":"http:\/\/carbocampers.com.br\/?page_id=100"},"modified":"2023-02-28T16:34:08","modified_gmt":"2023-02-28T19:34:08","slug":"depoimentos","status":"publish","type":"page","link":"https:\/\/carbocampers.com.br\/es\/depoimentos\/","title":{"rendered":"Testimonios"},"content":{"rendered":"<div data-elementor-type=\"wp-page\" data-elementor-id=\"100\" class=\"elementor elementor-100\" data-elementor-post-type=\"page\">\n\t\t\t\t\t\t<section class=\"elementor-section elementor-top-section elementor-element elementor-element-ed2c7ea elementor-section-height-min-height elementor-section-boxed elementor-section-height-default elementor-section-items-middle\" data-id=\"ed2c7ea\" data-element_type=\"section\" data-e-type=\"section\" data-settings=\"{&quot;background_background&quot;:&quot;classic&quot;}\">\n\t\t\t\t\t\t<div class=\"elementor-container elementor-column-gap-default\">\n\t\t\t\t\t<div class=\"elementor-column elementor-col-100 elementor-top-column elementor-element elementor-element-3a092d1\" data-id=\"3a092d1\" data-element_type=\"column\" data-e-type=\"column\">\n\t\t\t<div class=\"elementor-widget-wrap elementor-element-populated\">\n\t\t\t\t\t\t<div class=\"elementor-element elementor-element-27d61e1 elementor-widget elementor-widget-heading\" data-id=\"27d61e1\" data-element_type=\"widget\" data-e-type=\"widget\" data-widget_type=\"heading.default\">\n\t\t\t\t<div class=\"elementor-widget-container\">\n\t\t\t\t\t<h2 class=\"elementor-heading-title elementor-size-default\">COMPARTE TU<\/br>EXPERIENCIA OFF ROAD<\/h2>\t\t\t\t<\/div>\n\t\t\t\t<\/div>\n\t\t\t\t\t<\/div>\n\t\t<\/div>\n\t\t\t\t\t<\/div>\n\t\t<\/section>\n\t\t\t\t<section class=\"elementor-section elementor-top-section elementor-element elementor-element-51bb41d elementor-section-boxed elementor-section-height-default elementor-section-height-default\" data-id=\"51bb41d\" data-element_type=\"section\" data-e-type=\"section\" data-settings=\"{&quot;background_background&quot;:&quot;classic&quot;}\">\n\t\t\t\t\t\t<div class=\"elementor-container elementor-column-gap-default\">\n\t\t\t\t\t<div class=\"elementor-column elementor-col-50 elementor-top-column elementor-element elementor-element-de11d17\" data-id=\"de11d17\" data-element_type=\"column\" data-e-type=\"column\">\n\t\t\t<div class=\"elementor-widget-wrap elementor-element-populated\">\n\t\t\t\t\t\t<div class=\"elementor-element elementor-element-37f1dc9 elementor-skin-slideshow elementor-arrows-yes elementor-widget elementor-widget-media-carousel\" data-id=\"37f1dc9\" data-element_type=\"widget\" data-e-type=\"widget\" data-settings=\"{&quot;skin&quot;:&quot;slideshow&quot;,&quot;lazyload&quot;:&quot;yes&quot;,&quot;effect&quot;:&quot;slide&quot;,&quot;show_arrows&quot;:&quot;yes&quot;,&quot;speed&quot;:500,&quot;autoplay&quot;:&quot;yes&quot;,&quot;autoplay_speed&quot;:5000,&quot;loop&quot;:&quot;yes&quot;,&quot;pause_on_hover&quot;:&quot;yes&quot;,&quot;pause_on_interaction&quot;:&quot;yes&quot;,&quot;space_between&quot;:{&quot;unit&quot;:&quot;px&quot;,&quot;size&quot;:10,&quot;sizes&quot;:[]},&quot;space_between_laptop&quot;:{&quot;unit&quot;:&quot;px&quot;,&quot;size&quot;:10,&quot;sizes&quot;:[]},&quot;space_between_tablet&quot;:{&quot;unit&quot;:&quot;px&quot;,&quot;size&quot;:10,&quot;sizes&quot;:[]},&quot;space_between_mobile&quot;:{&quot;unit&quot;:&quot;px&quot;,&quot;size&quot;:10,&quot;sizes&quot;:[]}}\" data-widget_type=\"media-carousel.default\">\n\t\t\t\t<div class=\"elementor-widget-container\">\n\t\t\t\t\t\t\t\t\t<div class=\"elementor-swiper\">\n\t\t\t\t\t<div class=\"elementor-main-swiper swiper\" role=\"region\" aria-roledescription=\"carousel\" aria-label=\"Slides\">\n\t\t\t\t<div class=\"swiper-wrapper\">\n\t\t\t\t\t\t\t\t\t\t\t<div class=\"swiper-slide\" role=\"group\" aria-roledescription=\"slide\">\n\t\t\t\t\t\t\t\t\t<div class=\"elementor-carousel-image swiper-lazy\" role=\"img\" aria-label=\"Gulherme-Nehring-TX5-Carbo-Campers-001\" data-background=\"https:\/\/carbocampers.com.br\/wp-content\/uploads\/2022\/08\/Gulherme-Nehring-TX5-Carbo-Campers-001.jpg\">\n\n\t\t\t\t\t\t\t<div class=\"swiper-lazy-preloader\"><\/div>\n\t\t\t\n\t\t\t\t\t<\/div>\n\t\t\t\t\t\t\t\t<\/div>\n\t\t\t\t\t\t\t\t\t\t\t<div class=\"swiper-slide\" role=\"group\" aria-roledescription=\"slide\">\n\t\t\t\t\t\t\t\t\t<div class=\"elementor-carousel-image swiper-lazy\" role=\"img\" aria-label=\"Fam\u00edlia com trailer off road - Carbo Campers\" data-background=\"https:\/\/carbocampers.com.br\/wp-content\/uploads\/2022\/08\/Gulherme-Nehring-TX5-Carbo-Campers-005.jpg\">\n\n\t\t\t\t\t\t\t<div class=\"swiper-lazy-preloader\"><\/div>\n\t\t\t\n\t\t\t\t\t<\/div>\n\t\t\t\t\t\t\t\t<\/div>\n\t\t\t\t\t\t\t\t\t\t\t<div class=\"swiper-slide\" role=\"group\" aria-roledescription=\"slide\">\n\t\t\t\t\t\t\t\t\t<div class=\"elementor-carousel-image swiper-lazy\" role=\"img\" aria-label=\"Trailer 4x4 off road - Carbo Campers\" data-background=\"https:\/\/carbocampers.com.br\/wp-content\/uploads\/2022\/08\/Gulherme-Nehring-TX5-Carbo-Campers-004.jpg\">\n\n\t\t\t\t\t\t\t<div class=\"swiper-lazy-preloader\"><\/div>\n\t\t\t\n\t\t\t\t\t<\/div>\n\t\t\t\t\t\t\t\t<\/div>\n\t\t\t\t\t\t\t\t\t\t\t<div class=\"swiper-slide\" role=\"group\" aria-roledescription=\"slide\">\n\t\t\t\t\t\t\t\t\t<div class=\"elementor-carousel-image swiper-lazy\" role=\"img\" aria-label=\"Tx5 Trailer Off Road Estilo Australiano - Carbo Campers\" data-background=\"https:\/\/carbocampers.com.br\/wp-content\/uploads\/2022\/08\/Gulherme-Nehring-TX5-Carbo-Campers-006.jpg\">\n\n\t\t\t\t\t\t\t<div class=\"swiper-lazy-preloader\"><\/div>\n\t\t\t\n\t\t\t\t\t<\/div>\n\t\t\t\t\t\t\t\t<\/div>\n\t\t\t\t\t\t\t\t\t\t\t<div class=\"swiper-slide\" role=\"group\" aria-roledescription=\"slide\">\n\t\t\t\t\t\t\t\t\t<div class=\"elementor-carousel-image swiper-lazy\" role=\"img\" aria-label=\"Trailer off road estilo australiano - Carbo Campers\" data-background=\"https:\/\/carbocampers.com.br\/wp-content\/uploads\/2022\/08\/Gulherme-Nehring-TX5-Carbo-Campers-003.jpg\">\n\n\t\t\t\t\t\t\t<div class=\"swiper-lazy-preloader\"><\/div>\n\t\t\t\n\t\t\t\t\t<\/div>\n\t\t\t\t\t\t\t\t<\/div>\n\t\t\t\t\t\t\t\t\t\t\t<div class=\"swiper-slide\" role=\"group\" aria-roledescription=\"slide\">\n\t\t\t\t\t\t\t\t\t<div class=\"elementor-carousel-image swiper-lazy\" role=\"img\" aria-label=\"Viagem de trailer off road estilo australiano - Carbo Campers\" data-background=\"https:\/\/carbocampers.com.br\/wp-content\/uploads\/2022\/08\/Gulherme-Nehring-TX5-Carbo-Campers-002.jpg\">\n\n\t\t\t\t\t\t\t<div class=\"swiper-lazy-preloader\"><\/div>\n\t\t\t\n\t\t\t\t\t<\/div>\n\t\t\t\t\t\t\t\t<\/div>\n\t\t\t\t\t\t\t\t\t<\/div>\n\t\t\t\t\t\t\t\t\t\t\t\t\t\t\t<div class=\"elementor-swiper-button elementor-swiper-button-prev\" role=\"button\" tabindex=\"0\" aria-label=\"Anterior\">\n\t\t\t\t\t\t\t<svg aria-hidden=\"true\" class=\"e-font-icon-svg e-eicon-chevron-left\" viewbox=\"0 0 1000 1000\" xmlns=\"http:\/\/www.w3.org\/2000\/svg\"><path d=\"M646 125C629 125 613 133 604 142L308 442C296 454 292 471 292 487 292 504 296 521 308 533L604 854C617 867 629 875 646 875 663 875 679 871 692 858 704 846 713 829 713 812 713 796 708 779 692 767L438 487 692 225C700 217 708 204 708 187 708 171 704 154 692 142 675 129 663 125 646 125Z\"><\/path><\/svg>\t\t\t\t\t\t<\/div>\n\t\t\t\t\t\t<div class=\"elementor-swiper-button elementor-swiper-button-next\" role=\"button\" tabindex=\"0\" aria-label=\"Pr\u00f3ximo\">\n\t\t\t\t\t\t\t<svg aria-hidden=\"true\" class=\"e-font-icon-svg e-eicon-chevron-right\" viewbox=\"0 0 1000 1000\" xmlns=\"http:\/\/www.w3.org\/2000\/svg\"><path d=\"M696 533C708 521 713 504 713 487 713 471 708 454 696 446L400 146C388 133 375 125 354 125 338 125 325 129 313 142 300 154 292 171 292 187 292 204 296 221 308 233L563 492 304 771C292 783 288 800 288 817 288 833 296 850 308 863 321 871 338 875 354 875 371 875 388 867 400 854L696 533Z\"><\/path><\/svg>\t\t\t\t\t\t<\/div>\n\t\t\t\t\t\t\t\t\t\t\t\t\t\t\t\t\t<\/div>\n\t\t\t\t<\/div>\n\t\t\t\t\t\t\t\t<div class=\"elementor-swiper\">\n\t\t\t\t\t<div class=\"elementor-main-swiper swiper elementor-thumbnails-swiper swiper\" role=\"region region\" aria-roledescription=\"carousel carousel\" aria-label=\"Slides Slides\">\n\t\t\t\t<div class=\"swiper-wrapper\">\n\t\t\t\t\t\t\t\t\t\t\t<div class=\"swiper-slide\" role=\"group\" aria-roledescription=\"slide\">\n\t\t\t\t\t\t\t\t\t<div class=\"elementor-carousel-image swiper-lazy\" role=\"img\" aria-label=\"Gulherme-Nehring-TX5-Carbo-Campers-001\" data-background=\"https:\/\/carbocampers.com.br\/wp-content\/uploads\/2022\/08\/Gulherme-Nehring-TX5-Carbo-Campers-001.jpg\">\n\n\t\t\t\t\t\t\t<div class=\"swiper-lazy-preloader\"><\/div>\n\t\t\t\n\t\t\t\t\t<\/div>\n\t\t\t\t\t\t\t\t<\/div>\n\t\t\t\t\t\t\t\t\t\t\t<div class=\"swiper-slide\" role=\"group\" aria-roledescription=\"slide\">\n\t\t\t\t\t\t\t\t\t<div class=\"elementor-carousel-image swiper-lazy\" role=\"img\" aria-label=\"Fam\u00edlia com trailer off road - Carbo Campers\" data-background=\"https:\/\/carbocampers.com.br\/wp-content\/uploads\/2022\/08\/Gulherme-Nehring-TX5-Carbo-Campers-005.jpg\">\n\n\t\t\t\t\t\t\t<div class=\"swiper-lazy-preloader\"><\/div>\n\t\t\t\n\t\t\t\t\t<\/div>\n\t\t\t\t\t\t\t\t<\/div>\n\t\t\t\t\t\t\t\t\t\t\t<div class=\"swiper-slide\" role=\"group\" aria-roledescription=\"slide\">\n\t\t\t\t\t\t\t\t\t<div class=\"elementor-carousel-image swiper-lazy\" role=\"img\" aria-label=\"Trailer 4x4 off road - Carbo Campers\" data-background=\"https:\/\/carbocampers.com.br\/wp-content\/uploads\/2022\/08\/Gulherme-Nehring-TX5-Carbo-Campers-004.jpg\">\n\n\t\t\t\t\t\t\t<div class=\"swiper-lazy-preloader\"><\/div>\n\t\t\t\n\t\t\t\t\t<\/div>\n\t\t\t\t\t\t\t\t<\/div>\n\t\t\t\t\t\t\t\t\t\t\t<div class=\"swiper-slide\" role=\"group\" aria-roledescription=\"slide\">\n\t\t\t\t\t\t\t\t\t<div class=\"elementor-carousel-image swiper-lazy\" role=\"img\" aria-label=\"Tx5 Trailer Off Road Estilo Australiano - Carbo Campers\" data-background=\"https:\/\/carbocampers.com.br\/wp-content\/uploads\/2022\/08\/Gulherme-Nehring-TX5-Carbo-Campers-006.jpg\">\n\n\t\t\t\t\t\t\t<div class=\"swiper-lazy-preloader\"><\/div>\n\t\t\t\n\t\t\t\t\t<\/div>\n\t\t\t\t\t\t\t\t<\/div>\n\t\t\t\t\t\t\t\t\t\t\t<div class=\"swiper-slide\" role=\"group\" aria-roledescription=\"slide\">\n\t\t\t\t\t\t\t\t\t<div class=\"elementor-carousel-image swiper-lazy\" role=\"img\" aria-label=\"Trailer off road estilo australiano - Carbo Campers\" data-background=\"https:\/\/carbocampers.com.br\/wp-content\/uploads\/2022\/08\/Gulherme-Nehring-TX5-Carbo-Campers-003.jpg\">\n\n\t\t\t\t\t\t\t<div class=\"swiper-lazy-preloader\"><\/div>\n\t\t\t\n\t\t\t\t\t<\/div>\n\t\t\t\t\t\t\t\t<\/div>\n\t\t\t\t\t\t\t\t\t\t\t<div class=\"swiper-slide\" role=\"group\" aria-roledescription=\"slide\">\n\t\t\t\t\t\t\t\t\t<div class=\"elementor-carousel-image swiper-lazy\" role=\"img\" aria-label=\"Viagem de trailer off road estilo australiano - Carbo Campers\" data-background=\"https:\/\/carbocampers.com.br\/wp-content\/uploads\/2022\/08\/Gulherme-Nehring-TX5-Carbo-Campers-002.jpg\">\n\n\t\t\t\t\t\t\t<div class=\"swiper-lazy-preloader\"><\/div>\n\t\t\t\n\t\t\t\t\t<\/div>\n\t\t\t\t\t\t\t\t<\/div>\n\t\t\t\t\t\t\t\t\t<\/div>\n\t\t\t\t\t\t\t\t\t\t\t\t\t\t\t\t\t\t\t\t\t<\/div>\n\t\t\t\t<\/div>\n\t\t\t\t\t\t\t\t<\/div>\n\t\t\t\t<\/div>\n\t\t\t\t\t<\/div>\n\t\t<\/div>\n\t\t\t\t<div class=\"elementor-column elementor-col-50 elementor-top-column elementor-element elementor-element-d52f2db\" data-id=\"d52f2db\" data-element_type=\"column\" data-e-type=\"column\" data-settings=\"{&quot;background_background&quot;:&quot;classic&quot;}\">\n\t\t\t<div class=\"elementor-widget-wrap elementor-element-populated\">\n\t\t\t\t\t\t<div class=\"elementor-element elementor-element-0b3176c elementor-widget elementor-widget-heading\" data-id=\"0b3176c\" data-element_type=\"widget\" data-e-type=\"widget\" data-widget_type=\"heading.default\">\n\t\t\t\t<div class=\"elementor-widget-container\">\n\t\t\t\t\t<h2 class=\"elementor-heading-title elementor-size-default\">GuIlherme, ELAINE y familia<\/h2>\t\t\t\t<\/div>\n\t\t\t\t<\/div>\n\t\t\t\t<div class=\"elementor-element elementor-element-0a14427 elementor-widget elementor-widget-heading\" data-id=\"0a14427\" data-element_type=\"widget\" data-e-type=\"widget\" data-widget_type=\"heading.default\">\n\t\t\t\t<div class=\"elementor-widget-container\">\n\t\t\t\t\t<h2 class=\"elementor-heading-title elementor-size-default\">TX5 fue nuestra elecci\u00f3n<\/h2>\t\t\t\t<\/div>\n\t\t\t\t<\/div>\n\t\t\t\t<div class=\"elementor-element elementor-element-88e3ec0 elementor-widget-divider--view-line elementor-widget elementor-widget-divider\" data-id=\"88e3ec0\" data-element_type=\"widget\" data-e-type=\"widget\" data-widget_type=\"divider.default\">\n\t\t\t\t<div class=\"elementor-widget-container\">\n\t\t\t\t\t\t\t<div class=\"elementor-divider\">\n\t\t\t<span class=\"elementor-divider-separator\">\n\t\t\t\t\t\t<\/span>\n\t\t<\/div>\n\t\t\t\t\t\t<\/div>\n\t\t\t\t<\/div>\n\t\t\t\t<div class=\"elementor-element elementor-element-f9fcefd elementor-widget elementor-widget-text-editor\" data-id=\"f9fcefd\" data-element_type=\"widget\" data-e-type=\"widget\" data-widget_type=\"text-editor.default\">\n\t\t\t\t<div class=\"elementor-widget-container\">\n\t\t\t\t\t\t\t\t\t<p>Quer\u00edamos un trailer que pudiera acompa\u00f1arnos tanto si viaj\u00e1bamos por carretera como fuera de ella, que trabajara en colaboraci\u00f3n con nuestro coche 4\u00d74 y nos llevara a lugares incre\u00edbles. As\u00ed fue como encontramos Carbo Campers, que nos present\u00f3 una caravana robusta con capacidad suficiente para los cuatro miembros de nuestra familia.<\/p><p>Argentina fue una gran elecci\u00f3n de viaje para nosotros, 13 d\u00edas de buenas sorpresas. Un pa\u00eds inmenso con paisajes incre\u00edbles.<\/p><p>Recorrimos 6500 km, un viaje sin planificar mucho las paradas, pero hubo sorpresas por el camino. Poder dormir y cocinar en cualquier sitio nos dio la independencia que busc\u00e1bamos. Tener el remolque como punto de apoyo nos da esa libertad de estar en los sitios que nos plazca.<\/p><p>\u00bfAburrimiento? Todo el mundo puede experimentarlo, al fin y al cabo, cualquiera que viaje de cualquier forma est\u00e1 sujeto a \u00e9l y son estos acontecimientos los que nos dan historias que contar, son estos momentos los que tambi\u00e9n recordaremos. S\u00f3lo hay que estar abierto a nuevas experiencias.<\/p>\t\t\t\t\t\t\t\t<\/div>\n\t\t\t\t<\/div>\n\t\t\t\t\t<\/div>\n\t\t<\/div>\n\t\t\t\t\t<\/div>\n\t\t<\/section>\n\t\t\t\t<\/div>","protected":false},"excerpt":{"rendered":"<p>COMPARTILHE SUAEXPERI\u00caNCIA OFF ROAD Previous Next GuIlherme, ELAINE e fam\u00edlia TX5 foi a nossa escolha Quer\u00edamos um trailer que pudesse nos acompanhar fosse pelo asfalto ou fora de estrada, que fizesse parceria com nosso carro 4&#215;4 e nos levassem a conhecer lugares incr\u00edveis. Foi desta forma que encontramos a Carbo Campers que nos apresentou um [&hellip;]<\/p>","protected":false},"author":1,"featured_media":0,"parent":0,"menu_order":0,"comment_status":"closed","ping_status":"closed","template":"","meta":{"footnotes":""},"class_list":["post-100","page","type-page","status-publish","hentry"],"yoast_head":"<!-- This site is optimized with the Yoast SEO plugin v25.8 - https:\/\/yoast.com\/wordpress\/plugins\/seo\/ -->\n<title>Depoimentos - Carbo Campers<\/title>\n<meta name=\"robots\" content=\"index, follow, max-snippet:-1, max-image-preview:large, max-video-preview:-1\" \/>\n<link rel=\"canonical\" href=\"https:\/\/carbocampers.com.br\/es\/depoimentos\/\" \/>\n<meta property=\"og:locale\" content=\"es_ES\" \/>\n<meta property=\"og:type\" content=\"article\" \/>\n<meta property=\"og:title\" content=\"Depoimentos - Carbo Campers\" \/>\n<meta property=\"og:description\" content=\"COMPARTILHE SUAEXPERI\u00caNCIA OFF ROAD Previous Next GuIlherme, ELAINE e fam\u00edlia TX5 foi a nossa escolha Quer\u00edamos um trailer que pudesse nos acompanhar fosse pelo asfalto ou fora de estrada, que fizesse parceria com nosso carro 4&#215;4 e nos levassem a conhecer lugares incr\u00edveis. Foi desta forma que encontramos a Carbo Campers que nos apresentou um [&hellip;]\" \/>\n<meta property=\"og:url\" content=\"https:\/\/carbocampers.com.br\/es\/depoimentos\/\" \/>\n<meta property=\"og:site_name\" content=\"Carbo Campers\" \/>\n<meta property=\"article:publisher\" content=\"https:\/\/www.facebook.com\/carbocampers\" \/>\n<meta property=\"article:modified_time\" content=\"2023-02-28T19:34:08+00:00\" \/>\n<meta name=\"twitter:card\" content=\"summary_large_image\" \/>\n<meta name=\"twitter:label1\" content=\"Tiempo de lectura\" \/>\n\t<meta name=\"twitter:data1\" content=\"2 minutos\" \/>\n<script type=\"application\/ld+json\" class=\"yoast-schema-graph\">{\"@context\":\"https:\/\/schema.org\",\"@graph\":[{\"@type\":\"WebPage\",\"@id\":\"https:\/\/carbocampers.com.br\/depoimentos\/\",\"url\":\"https:\/\/carbocampers.com.br\/depoimentos\/\",\"name\":\"Depoimentos - Carbo Campers\",\"isPartOf\":{\"@id\":\"https:\/\/carbocampers.com.br\/#website\"},\"datePublished\":\"2022-07-20T19:37:29+00:00\",\"dateModified\":\"2023-02-28T19:34:08+00:00\",\"breadcrumb\":{\"@id\":\"https:\/\/carbocampers.com.br\/depoimentos\/#breadcrumb\"},\"inLanguage\":\"es\",\"potentialAction\":[{\"@type\":\"ReadAction\",\"target\":[\"https:\/\/carbocampers.com.br\/depoimentos\/\"]}]},{\"@type\":\"BreadcrumbList\",\"@id\":\"https:\/\/carbocampers.com.br\/depoimentos\/#breadcrumb\",\"itemListElement\":[{\"@type\":\"ListItem\",\"position\":1,\"name\":\"In\u00edcio\",\"item\":\"https:\/\/carbocampers.com.br\/\"},{\"@type\":\"ListItem\",\"position\":2,\"name\":\"Depoimentos\"}]},{\"@type\":\"WebSite\",\"@id\":\"https:\/\/carbocampers.com.br\/#website\",\"url\":\"https:\/\/carbocampers.com.br\/\",\"name\":\"Carbo Campers\",\"description\":\"\",\"publisher\":{\"@id\":\"https:\/\/carbocampers.com.br\/#organization\"},\"potentialAction\":[{\"@type\":\"SearchAction\",\"target\":{\"@type\":\"EntryPoint\",\"urlTemplate\":\"https:\/\/carbocampers.com.br\/?s={search_term_string}\"},\"query-input\":{\"@type\":\"PropertyValueSpecification\",\"valueRequired\":true,\"valueName\":\"search_term_string\"}}],\"inLanguage\":\"es\"},{\"@type\":\"Organization\",\"@id\":\"https:\/\/carbocampers.com.br\/#organization\",\"name\":\"Carbo Campers\",\"url\":\"https:\/\/carbocampers.com.br\/\",\"logo\":{\"@type\":\"ImageObject\",\"inLanguage\":\"es\",\"@id\":\"https:\/\/carbocampers.com.br\/#\/schema\/logo\/image\/\",\"url\":\"http:\/\/carbocampers.com.br\/wp-content\/uploads\/2022\/07\/cropped-Carbo-Campers-logo-2-2-220x90-1.png\",\"contentUrl\":\"http:\/\/carbocampers.com.br\/wp-content\/uploads\/2022\/07\/cropped-Carbo-Campers-logo-2-2-220x90-1.png\",\"width\":220,\"height\":90,\"caption\":\"Carbo Campers\"},\"image\":{\"@id\":\"https:\/\/carbocampers.com.br\/#\/schema\/logo\/image\/\"},\"sameAs\":[\"https:\/\/www.facebook.com\/carbocampers\",\"https:\/\/www.instagram.com\/carbocampers\/\"]}]}<\/script>\n<!-- \/ Yoast SEO plugin. -->","yoast_head_json":{"title":"Depoimentos - Carbo Campers","robots":{"index":"index","follow":"follow","max-snippet":"max-snippet:-1","max-image-preview":"max-image-preview:large","max-video-preview":"max-video-preview:-1"},"canonical":"https:\/\/carbocampers.com.br\/es\/depoimentos\/","og_locale":"es_ES","og_type":"article","og_title":"Depoimentos - Carbo Campers","og_description":"COMPARTILHE SUAEXPERI\u00caNCIA OFF ROAD Previous Next GuIlherme, ELAINE e fam\u00edlia TX5 foi a nossa escolha Quer\u00edamos um trailer que pudesse nos acompanhar fosse pelo asfalto ou fora de estrada, que fizesse parceria com nosso carro 4&#215;4 e nos levassem a conhecer lugares incr\u00edveis. Foi desta forma que encontramos a Carbo Campers que nos apresentou um [&hellip;]","og_url":"https:\/\/carbocampers.com.br\/es\/depoimentos\/","og_site_name":"Carbo Campers","article_publisher":"https:\/\/www.facebook.com\/carbocampers","article_modified_time":"2023-02-28T19:34:08+00:00","twitter_card":"summary_large_image","twitter_misc":{"Tiempo de lectura":"2 minutos"},"schema":{"@context":"https:\/\/schema.org","@graph":[{"@type":"WebPage","@id":"https:\/\/carbocampers.com.br\/depoimentos\/","url":"https:\/\/carbocampers.com.br\/depoimentos\/","name":"Depoimentos - Carbo Campers","isPartOf":{"@id":"https:\/\/carbocampers.com.br\/#website"},"datePublished":"2022-07-20T19:37:29+00:00","dateModified":"2023-02-28T19:34:08+00:00","breadcrumb":{"@id":"https:\/\/carbocampers.com.br\/depoimentos\/#breadcrumb"},"inLanguage":"es","potentialAction":[{"@type":"ReadAction","target":["https:\/\/carbocampers.com.br\/depoimentos\/"]}]},{"@type":"BreadcrumbList","@id":"https:\/\/carbocampers.com.br\/depoimentos\/#breadcrumb","itemListElement":[{"@type":"ListItem","position":1,"name":"In\u00edcio","item":"https:\/\/carbocampers.com.br\/"},{"@type":"ListItem","position":2,"name":"Depoimentos"}]},{"@type":"WebSite","@id":"https:\/\/carbocampers.com.br\/#website","url":"https:\/\/carbocampers.com.br\/","name":"Carbo Campers","description":"","publisher":{"@id":"https:\/\/carbocampers.com.br\/#organization"},"potentialAction":[{"@type":"SearchAction","target":{"@type":"EntryPoint","urlTemplate":"https:\/\/carbocampers.com.br\/?s={search_term_string}"},"query-input":{"@type":"PropertyValueSpecification","valueRequired":true,"valueName":"search_term_string"}}],"inLanguage":"es"},{"@type":"Organization","@id":"https:\/\/carbocampers.com.br\/#organization","name":"Carbo Campers","url":"https:\/\/carbocampers.com.br\/","logo":{"@type":"ImageObject","inLanguage":"es","@id":"https:\/\/carbocampers.com.br\/#\/schema\/logo\/image\/","url":"http:\/\/carbocampers.com.br\/wp-content\/uploads\/2022\/07\/cropped-Carbo-Campers-logo-2-2-220x90-1.png","contentUrl":"http:\/\/carbocampers.com.br\/wp-content\/uploads\/2022\/07\/cropped-Carbo-Campers-logo-2-2-220x90-1.png","width":220,"height":90,"caption":"Carbo Campers"},"image":{"@id":"https:\/\/carbocampers.com.br\/#\/schema\/logo\/image\/"},"sameAs":["https:\/\/www.facebook.com\/carbocampers","https:\/\/www.instagram.com\/carbocampers\/"]}]}},"_links":{"self":[{"href":"https:\/\/carbocampers.com.br\/es\/wp-json\/wp\/v2\/pages\/100","targetHints":{"allow":["GET"]}}],"collection":[{"href":"https:\/\/carbocampers.com.br\/es\/wp-json\/wp\/v2\/pages"}],"about":[{"href":"https:\/\/carbocampers.com.br\/es\/wp-json\/wp\/v2\/types\/page"}],"author":[{"embeddable":true,"href":"https:\/\/carbocampers.com.br\/es\/wp-json\/wp\/v2\/users\/1"}],"replies":[{"embeddable":true,"href":"https:\/\/carbocampers.com.br\/es\/wp-json\/wp\/v2\/comments?post=100"}],"version-history":[{"count":64,"href":"https:\/\/carbocampers.com.br\/es\/wp-json\/wp\/v2\/pages\/100\/revisions"}],"predecessor-version":[{"id":2508,"href":"https:\/\/carbocampers.com.br\/es\/wp-json\/wp\/v2\/pages\/100\/revisions\/2508"}],"wp:attachment":[{"href":"https:\/\/carbocampers.com.br\/es\/wp-json\/wp\/v2\/media?parent=100"}],"curies":[{"name":"wp","href":"https:\/\/api.w.org\/{rel}","templated":true}]}}