{"id":1220,"date":"2022-08-26T08:42:52","date_gmt":"2022-08-26T11:42:52","guid":{"rendered":"http:\/\/carbocampers.com.br\/?page_id=1220"},"modified":"2022-08-27T17:20:38","modified_gmt":"2022-08-27T20:20:38","slug":"obrigado-consultor-typops","status":"publish","type":"page","link":"https:\/\/carbocampers.com.br\/es\/obrigado-consultor-typops\/","title":{"rendered":"Obrigado Fale Com Consultor"},"content":{"rendered":"<div data-elementor-type=\"wp-page\" data-elementor-id=\"1220\" class=\"elementor elementor-1220\" data-elementor-post-type=\"page\">\n\t\t\t\t\t\t<section class=\"elementor-section elementor-top-section elementor-element elementor-element-f80d250 elementor-section-height-full elementor-section-boxed elementor-section-height-default elementor-section-items-middle\" data-id=\"f80d250\" data-element_type=\"section\" data-e-type=\"section\" data-settings=\"{&quot;background_background&quot;:&quot;classic&quot;}\">\n\t\t\t\t\t\t\t<div class=\"elementor-background-overlay\"><\/div>\n\t\t\t\t\t\t\t<div class=\"elementor-container elementor-column-gap-default\">\n\t\t\t\t\t<div class=\"elementor-column elementor-col-100 elementor-top-column elementor-element elementor-element-df46953\" data-id=\"df46953\" data-element_type=\"column\" data-e-type=\"column\">\n\t\t\t<div class=\"elementor-widget-wrap elementor-element-populated\">\n\t\t\t\t\t\t<div class=\"elementor-element elementor-element-73fb037 elementor-view-default elementor-widget elementor-widget-icon\" data-id=\"73fb037\" data-element_type=\"widget\" data-e-type=\"widget\" data-widget_type=\"icon.default\">\n\t\t\t\t<div class=\"elementor-widget-container\">\n\t\t\t\t\t\t\t<div class=\"elementor-icon-wrapper\">\n\t\t\t<div class=\"elementor-icon\">\n\t\t\t<svg aria-hidden=\"true\" class=\"e-font-icon-svg e-fas-thumbs-up\" viewbox=\"0 0 512 512\" xmlns=\"http:\/\/www.w3.org\/2000\/svg\"><path d=\"M104 224H24c-13.255 0-24 10.745-24 24v240c0 13.255 10.745 24 24 24h80c13.255 0 24-10.745 24-24V248c0-13.255-10.745-24-24-24zM64 472c-13.255 0-24-10.745-24-24s10.745-24 24-24 24 10.745 24 24-10.745 24-24 24zM384 81.452c0 42.416-25.97 66.208-33.277 94.548h101.723c33.397 0 59.397 27.746 59.553 58.098.084 17.938-7.546 37.249-19.439 49.197l-.11.11c9.836 23.337 8.237 56.037-9.308 79.469 8.681 25.895-.069 57.704-16.382 74.757 4.298 17.598 2.244 32.575-6.148 44.632C440.202 511.587 389.616 512 346.839 512l-2.845-.001c-48.287-.017-87.806-17.598-119.56-31.725-15.957-7.099-36.821-15.887-52.651-16.178-6.54-.12-11.783-5.457-11.783-11.998v-213.77c0-3.2 1.282-6.271 3.558-8.521 39.614-39.144 56.648-80.587 89.117-113.111 14.804-14.832 20.188-37.236 25.393-58.902C282.515 39.293 291.817 0 312 0c24 0 72 8 72 81.452z\"><\/path><\/svg>\t\t\t<\/div>\n\t\t<\/div>\n\t\t\t\t\t\t<\/div>\n\t\t\t\t<\/div>\n\t\t\t\t<div class=\"elementor-element elementor-element-8dd8728 elementor-widget elementor-widget-heading\" data-id=\"8dd8728\" data-element_type=\"widget\" data-e-type=\"widget\" data-widget_type=\"heading.default\">\n\t\t\t\t<div class=\"elementor-widget-container\">\n\t\t\t\t\t<h2 class=\"elementor-heading-title elementor-size-default\">TUDO CERTO<\/h2>\t\t\t\t<\/div>\n\t\t\t\t<\/div>\n\t\t\t\t<div class=\"elementor-element elementor-element-346f13d elementor-widget elementor-widget-text-editor\" data-id=\"346f13d\" data-element_type=\"widget\" data-e-type=\"widget\" data-widget_type=\"text-editor.default\">\n\t\t\t\t<div class=\"elementor-widget-container\">\n\t\t\t\t\t\t\t\t\t<p>Recebemos sua solicita\u00e7\u00e3o e em breve um de nossos consultores entrar\u00e1 em contato.<\/p>\t\t\t\t\t\t\t\t<\/div>\n\t\t\t\t<\/div>\n\t\t\t\t<div class=\"elementor-element elementor-element-0a173b0 elementor-align-center elementor-widget elementor-widget-button\" data-id=\"0a173b0\" data-element_type=\"widget\" data-e-type=\"widget\" data-widget_type=\"button.default\">\n\t\t\t\t<div class=\"elementor-widget-container\">\n\t\t\t\t\t\t\t\t\t<div class=\"elementor-button-wrapper\">\n\t\t\t\t\t<a class=\"elementor-button elementor-button-link elementor-size-sm\" href=\"https:\/\/carbocampers.com.br\/es\/\">\n\t\t\t\t\t\t<span class=\"elementor-button-content-wrapper\">\n\t\t\t\t\t\t\t\t\t<span class=\"elementor-button-text\">Retornar a P\u00e1gina Inicial<\/span>\n\t\t\t\t\t<\/span>\n\t\t\t\t\t<\/a>\n\t\t\t\t<\/div>\n\t\t\t\t\t\t\t\t<\/div>\n\t\t\t\t<\/div>\n\t\t\t\t\t<\/div>\n\t\t<\/div>\n\t\t\t\t\t<\/div>\n\t\t<\/section>\n\t\t\t\t<\/div>","protected":false},"excerpt":{"rendered":"<p>TUDO CERTO Recebemos sua solicita\u00e7\u00e3o e em breve um de nossos consultores entrar\u00e1 em contato. Retornar a P\u00e1gina Inicial<\/p>","protected":false},"author":2,"featured_media":0,"parent":0,"menu_order":0,"comment_status":"closed","ping_status":"closed","template":"","meta":{"footnotes":""},"class_list":["post-1220","page","type-page","status-publish","hentry"],"yoast_head":"<!-- This site is optimized with the Yoast SEO plugin v25.8 - https:\/\/yoast.com\/wordpress\/plugins\/seo\/ -->\n<title>Obrigado Fale Com Consultor - Carbo Campers<\/title>\n<meta name=\"robots\" content=\"index, follow, max-snippet:-1, max-image-preview:large, max-video-preview:-1\" \/>\n<link rel=\"canonical\" href=\"https:\/\/carbocampers.com.br\/es\/obrigado-consultor-typops\/\" \/>\n<meta property=\"og:locale\" content=\"es_ES\" \/>\n<meta property=\"og:type\" content=\"article\" \/>\n<meta property=\"og:title\" content=\"Obrigado Fale Com Consultor - Carbo Campers\" \/>\n<meta property=\"og:description\" content=\"TUDO CERTO Recebemos sua solicita\u00e7\u00e3o e em breve um de nossos consultores entrar\u00e1 em contato. Retornar a P\u00e1gina Inicial\" \/>\n<meta property=\"og:url\" content=\"https:\/\/carbocampers.com.br\/es\/obrigado-consultor-typops\/\" \/>\n<meta property=\"og:site_name\" content=\"Carbo Campers\" \/>\n<meta property=\"article:publisher\" content=\"https:\/\/www.facebook.com\/carbocampers\" \/>\n<meta property=\"article:modified_time\" content=\"2022-08-27T20:20:38+00:00\" \/>\n<meta name=\"twitter:card\" content=\"summary_large_image\" \/>\n<script type=\"application\/ld+json\" class=\"yoast-schema-graph\">{\"@context\":\"https:\/\/schema.org\",\"@graph\":[{\"@type\":\"WebPage\",\"@id\":\"https:\/\/carbocampers.com.br\/obrigado-consultor-typops\/\",\"url\":\"https:\/\/carbocampers.com.br\/obrigado-consultor-typops\/\",\"name\":\"Obrigado Fale Com Consultor - Carbo Campers\",\"isPartOf\":{\"@id\":\"https:\/\/carbocampers.com.br\/#website\"},\"datePublished\":\"2022-08-26T11:42:52+00:00\",\"dateModified\":\"2022-08-27T20:20:38+00:00\",\"breadcrumb\":{\"@id\":\"https:\/\/carbocampers.com.br\/obrigado-consultor-typops\/#breadcrumb\"},\"inLanguage\":\"es\",\"potentialAction\":[{\"@type\":\"ReadAction\",\"target\":[\"https:\/\/carbocampers.com.br\/obrigado-consultor-typops\/\"]}]},{\"@type\":\"BreadcrumbList\",\"@id\":\"https:\/\/carbocampers.com.br\/obrigado-consultor-typops\/#breadcrumb\",\"itemListElement\":[{\"@type\":\"ListItem\",\"position\":1,\"name\":\"In\u00edcio\",\"item\":\"https:\/\/carbocampers.com.br\/\"},{\"@type\":\"ListItem\",\"position\":2,\"name\":\"Obrigado Fale Com Consultor\"}]},{\"@type\":\"WebSite\",\"@id\":\"https:\/\/carbocampers.com.br\/#website\",\"url\":\"https:\/\/carbocampers.com.br\/\",\"name\":\"Carbo Campers\",\"description\":\"\",\"publisher\":{\"@id\":\"https:\/\/carbocampers.com.br\/#organization\"},\"potentialAction\":[{\"@type\":\"SearchAction\",\"target\":{\"@type\":\"EntryPoint\",\"urlTemplate\":\"https:\/\/carbocampers.com.br\/?s={search_term_string}\"},\"query-input\":{\"@type\":\"PropertyValueSpecification\",\"valueRequired\":true,\"valueName\":\"search_term_string\"}}],\"inLanguage\":\"es\"},{\"@type\":\"Organization\",\"@id\":\"https:\/\/carbocampers.com.br\/#organization\",\"name\":\"Carbo Campers\",\"url\":\"https:\/\/carbocampers.com.br\/\",\"logo\":{\"@type\":\"ImageObject\",\"inLanguage\":\"es\",\"@id\":\"https:\/\/carbocampers.com.br\/#\/schema\/logo\/image\/\",\"url\":\"http:\/\/carbocampers.com.br\/wp-content\/uploads\/2022\/07\/cropped-Carbo-Campers-logo-2-2-220x90-1.png\",\"contentUrl\":\"http:\/\/carbocampers.com.br\/wp-content\/uploads\/2022\/07\/cropped-Carbo-Campers-logo-2-2-220x90-1.png\",\"width\":220,\"height\":90,\"caption\":\"Carbo Campers\"},\"image\":{\"@id\":\"https:\/\/carbocampers.com.br\/#\/schema\/logo\/image\/\"},\"sameAs\":[\"https:\/\/www.facebook.com\/carbocampers\",\"https:\/\/www.instagram.com\/carbocampers\/\"]}]}<\/script>\n<!-- \/ Yoast SEO plugin. -->","yoast_head_json":{"title":"Obrigado Fale Com Consultor - Carbo Campers","robots":{"index":"index","follow":"follow","max-snippet":"max-snippet:-1","max-image-preview":"max-image-preview:large","max-video-preview":"max-video-preview:-1"},"canonical":"https:\/\/carbocampers.com.br\/es\/obrigado-consultor-typops\/","og_locale":"es_ES","og_type":"article","og_title":"Obrigado Fale Com Consultor - Carbo Campers","og_description":"TUDO CERTO Recebemos sua solicita\u00e7\u00e3o e em breve um de nossos consultores entrar\u00e1 em contato. Retornar a P\u00e1gina Inicial","og_url":"https:\/\/carbocampers.com.br\/es\/obrigado-consultor-typops\/","og_site_name":"Carbo Campers","article_publisher":"https:\/\/www.facebook.com\/carbocampers","article_modified_time":"2022-08-27T20:20:38+00:00","twitter_card":"summary_large_image","schema":{"@context":"https:\/\/schema.org","@graph":[{"@type":"WebPage","@id":"https:\/\/carbocampers.com.br\/obrigado-consultor-typops\/","url":"https:\/\/carbocampers.com.br\/obrigado-consultor-typops\/","name":"Obrigado Fale Com Consultor - Carbo Campers","isPartOf":{"@id":"https:\/\/carbocampers.com.br\/#website"},"datePublished":"2022-08-26T11:42:52+00:00","dateModified":"2022-08-27T20:20:38+00:00","breadcrumb":{"@id":"https:\/\/carbocampers.com.br\/obrigado-consultor-typops\/#breadcrumb"},"inLanguage":"es","potentialAction":[{"@type":"ReadAction","target":["https:\/\/carbocampers.com.br\/obrigado-consultor-typops\/"]}]},{"@type":"BreadcrumbList","@id":"https:\/\/carbocampers.com.br\/obrigado-consultor-typops\/#breadcrumb","itemListElement":[{"@type":"ListItem","position":1,"name":"In\u00edcio","item":"https:\/\/carbocampers.com.br\/"},{"@type":"ListItem","position":2,"name":"Obrigado Fale Com Consultor"}]},{"@type":"WebSite","@id":"https:\/\/carbocampers.com.br\/#website","url":"https:\/\/carbocampers.com.br\/","name":"Carbo Campers","description":"","publisher":{"@id":"https:\/\/carbocampers.com.br\/#organization"},"potentialAction":[{"@type":"SearchAction","target":{"@type":"EntryPoint","urlTemplate":"https:\/\/carbocampers.com.br\/?s={search_term_string}"},"query-input":{"@type":"PropertyValueSpecification","valueRequired":true,"valueName":"search_term_string"}}],"inLanguage":"es"},{"@type":"Organization","@id":"https:\/\/carbocampers.com.br\/#organization","name":"Carbo Campers","url":"https:\/\/carbocampers.com.br\/","logo":{"@type":"ImageObject","inLanguage":"es","@id":"https:\/\/carbocampers.com.br\/#\/schema\/logo\/image\/","url":"http:\/\/carbocampers.com.br\/wp-content\/uploads\/2022\/07\/cropped-Carbo-Campers-logo-2-2-220x90-1.png","contentUrl":"http:\/\/carbocampers.com.br\/wp-content\/uploads\/2022\/07\/cropped-Carbo-Campers-logo-2-2-220x90-1.png","width":220,"height":90,"caption":"Carbo Campers"},"image":{"@id":"https:\/\/carbocampers.com.br\/#\/schema\/logo\/image\/"},"sameAs":["https:\/\/www.facebook.com\/carbocampers","https:\/\/www.instagram.com\/carbocampers\/"]}]}},"_links":{"self":[{"href":"https:\/\/carbocampers.com.br\/es\/wp-json\/wp\/v2\/pages\/1220","targetHints":{"allow":["GET"]}}],"collection":[{"href":"https:\/\/carbocampers.com.br\/es\/wp-json\/wp\/v2\/pages"}],"about":[{"href":"https:\/\/carbocampers.com.br\/es\/wp-json\/wp\/v2\/types\/page"}],"author":[{"embeddable":true,"href":"https:\/\/carbocampers.com.br\/es\/wp-json\/wp\/v2\/users\/2"}],"replies":[{"embeddable":true,"href":"https:\/\/carbocampers.com.br\/es\/wp-json\/wp\/v2\/comments?post=1220"}],"version-history":[{"count":8,"href":"https:\/\/carbocampers.com.br\/es\/wp-json\/wp\/v2\/pages\/1220\/revisions"}],"predecessor-version":[{"id":1232,"href":"https:\/\/carbocampers.com.br\/es\/wp-json\/wp\/v2\/pages\/1220\/revisions\/1232"}],"wp:attachment":[{"href":"https:\/\/carbocampers.com.br\/es\/wp-json\/wp\/v2\/media?parent=1220"}],"curies":[{"name":"wp","href":"https:\/\/api.w.org\/{rel}","templated":true}]}}