{"id":139,"date":"2022-07-20T17:10:02","date_gmt":"2022-07-20T20:10:02","guid":{"rendered":"http:\/\/carbocampers.com.br\/?page_id=139"},"modified":"2025-11-30T18:05:44","modified_gmt":"2025-11-30T21:05:44","slug":"contato","status":"publish","type":"page","link":"https:\/\/carbocampers.com.br\/es\/contato\/","title":{"rendered":"Contacto"},"content":{"rendered":"<div data-elementor-type=\"wp-page\" data-elementor-id=\"139\" class=\"elementor elementor-139\" data-elementor-post-type=\"page\">\n\t\t\t\t\t\t<section class=\"elementor-section elementor-top-section elementor-element elementor-element-ed2c7ea elementor-section-height-min-height elementor-section-boxed elementor-section-height-default elementor-section-items-middle\" data-id=\"ed2c7ea\" data-element_type=\"section\" data-e-type=\"section\" data-settings=\"{&quot;background_background&quot;:&quot;classic&quot;}\">\n\t\t\t\t\t\t\t<div class=\"elementor-background-overlay\"><\/div>\n\t\t\t\t\t\t\t<div class=\"elementor-container elementor-column-gap-default\">\n\t\t\t\t\t<div class=\"elementor-column elementor-col-100 elementor-top-column elementor-element elementor-element-7933f82\" data-id=\"7933f82\" data-element_type=\"column\" data-e-type=\"column\">\n\t\t\t<div class=\"elementor-widget-wrap elementor-element-populated\">\n\t\t\t\t\t\t<div class=\"elementor-element elementor-element-e42583f elementor-widget elementor-widget-heading\" data-id=\"e42583f\" data-element_type=\"widget\" data-e-type=\"widget\" data-widget_type=\"heading.default\">\n\t\t\t\t<div class=\"elementor-widget-container\">\n\t\t\t\t\t<h2 class=\"elementor-heading-title elementor-size-default\">TU AVENTURA SE CONECTA AQU\u00cd<\/h2>\t\t\t\t<\/div>\n\t\t\t\t<\/div>\n\t\t\t\t\t<\/div>\n\t\t<\/div>\n\t\t\t\t\t<\/div>\n\t\t<\/section>\n\t\t\t\t<section class=\"elementor-section elementor-top-section elementor-element elementor-element-637bee0 elementor-section-boxed elementor-section-height-default elementor-section-height-default\" data-id=\"637bee0\" data-element_type=\"section\" data-e-type=\"section\" data-settings=\"{&quot;background_background&quot;:&quot;classic&quot;}\">\n\t\t\t\t\t\t<div class=\"elementor-container elementor-column-gap-default\">\n\t\t\t\t\t<div class=\"elementor-column elementor-col-100 elementor-top-column elementor-element elementor-element-c3d2c35\" data-id=\"c3d2c35\" data-element_type=\"column\" data-e-type=\"column\" data-settings=\"{&quot;background_background&quot;:&quot;classic&quot;}\">\n\t\t\t<div class=\"elementor-widget-wrap elementor-element-populated\">\n\t\t\t\t\t\t<div class=\"elementor-element elementor-element-190e3b9 elementor-widget elementor-widget-heading\" data-id=\"190e3b9\" data-element_type=\"widget\" data-e-type=\"widget\" data-widget_type=\"heading.default\">\n\t\t\t\t<div class=\"elementor-widget-container\">\n\t\t\t\t\t<h2 class=\"elementor-heading-title elementor-size-default\">Hable con nosotros<\/h2>\t\t\t\t<\/div>\n\t\t\t\t<\/div>\n\t\t\t\t<div class=\"elementor-element elementor-element-6b8b26e elementor-widget elementor-widget-text-editor\" data-id=\"6b8b26e\" data-element_type=\"widget\" data-e-type=\"widget\" data-widget_type=\"text-editor.default\">\n\t\t\t\t<div class=\"elementor-widget-container\">\n\t\t\t\t\t\t\t\t\t<p>Queremos ayudarle a planificar su pr\u00f3ximo viaje. Ponte en contacto con nuestro equipo, pregunta sobre nuestros modelos de remolques Off Road y solicita presupuestos o personalizaciones.<\/p>\t\t\t\t\t\t\t\t<\/div>\n\t\t\t\t<\/div>\n\t\t\t\t<section class=\"elementor-section elementor-inner-section elementor-element elementor-element-8ee2b06 elementor-section-boxed elementor-section-height-default elementor-section-height-default\" data-id=\"8ee2b06\" data-element_type=\"section\" data-e-type=\"section\">\n\t\t\t\t\t\t<div class=\"elementor-container elementor-column-gap-default\">\n\t\t\t\t\t<div class=\"elementor-column elementor-col-50 elementor-inner-column elementor-element elementor-element-f2509f8\" data-id=\"f2509f8\" data-element_type=\"column\" data-e-type=\"column\">\n\t\t\t<div class=\"elementor-widget-wrap elementor-element-populated\">\n\t\t\t\t\t\t<div class=\"elementor-element elementor-element-ad9b7ca elementor-widget elementor-widget-google_maps\" data-id=\"ad9b7ca\" data-element_type=\"widget\" data-e-type=\"widget\" data-widget_type=\"google_maps.default\">\n\t\t\t\t<div class=\"elementor-widget-container\">\n\t\t\t\t\t\t\t<div class=\"elementor-custom-embed\">\n\t\t\t<iframe loading=\"lazy\"\n\t\t\t\t\tsrc=\"https:\/\/maps.google.com\/maps?q=Marau%20Rio%20grande%20do%20sul&#038;t=m&#038;z=13&#038;output=embed&#038;iwloc=near\"\n\t\t\t\t\ttitle=\"Marau Rio grande do sul\"\n\t\t\t\t\taria-label=\"Marau Rio grande do sul\"\n\t\t\t><\/iframe>\n\t\t<\/div>\n\t\t\t\t\t\t<\/div>\n\t\t\t\t<\/div>\n\t\t\t\t<div class=\"elementor-element elementor-element-2b48ac4 elementor-widget__width-auto elementor-widget-mobile__width-initial elementor-widget elementor-widget-text-editor\" data-id=\"2b48ac4\" data-element_type=\"widget\" data-e-type=\"widget\" data-widget_type=\"text-editor.default\">\n\t\t\t\t<div class=\"elementor-widget-container\">\n\t\t\t\t\t\t\t\t\t<p><span style=\"color: #ffffff;\">Tel\u00e9fono<\/span> <br \/>(54) 99383 5628<br \/>(54) 3342 9802<\/p>\t\t\t\t\t\t\t\t<\/div>\n\t\t\t\t<\/div>\n\t\t\t\t<div class=\"elementor-element elementor-element-b5e3163 elementor-widget__width-auto elementor-widget-mobile__width-initial elementor-widget elementor-widget-text-editor\" data-id=\"b5e3163\" data-element_type=\"widget\" data-e-type=\"widget\" data-widget_type=\"text-editor.default\">\n\t\t\t\t<div class=\"elementor-widget-container\">\n\t\t\t\t\t\t\t\t\t<p><span style=\"color: #ffffff;\">Horario de atenci\u00f3n<\/span><br \/>Lunes a Viernes <br \/>08:00 &#8211; 12:00 | 14:00 &#8211; 17:30<\/p>\t\t\t\t\t\t\t\t<\/div>\n\t\t\t\t<\/div>\n\t\t\t\t<div class=\"elementor-element elementor-element-91c332b elementor-widget__width-auto elementor-widget-mobile__width-initial elementor-widget elementor-widget-text-editor\" data-id=\"91c332b\" data-element_type=\"widget\" data-e-type=\"widget\" data-widget_type=\"text-editor.default\">\n\t\t\t\t<div class=\"elementor-widget-container\">\n\t\t\t\t\t\t\t\t\t<p><span style=\"color: #ffffff;\">Emails de contato<\/span><br><a href=\"mailto:comercial@carbocampers.com.br\" target=\"_blank\">comercial@carbocampers.com.br<\/a><br><\/p>\n<p><a href=\"mailto:SAC@carbocampers.com.br\" target=\"_blank\">SAC@carbocampers.com.br<\/a><br><\/p>\t\t\t\t\t\t\t\t<\/div>\n\t\t\t\t<\/div>\n\t\t\t\t\t<\/div>\n\t\t<\/div>\n\t\t\t\t<div class=\"elementor-column elementor-col-50 elementor-inner-column elementor-element elementor-element-9d235fb\" data-id=\"9d235fb\" data-element_type=\"column\" data-e-type=\"column\">\n\t\t\t<div class=\"elementor-widget-wrap elementor-element-populated\">\n\t\t\t\t\t\t<div class=\"elementor-element elementor-element-0f2bbfa elementor-button-align-start elementor-widget elementor-widget-form\" data-id=\"0f2bbfa\" data-element_type=\"widget\" data-e-type=\"widget\" data-settings=\"{&quot;step_next_label&quot;:&quot;Next&quot;,&quot;step_previous_label&quot;:&quot;Previous&quot;,&quot;button_width&quot;:&quot;100&quot;,&quot;step_type&quot;:&quot;number_text&quot;,&quot;step_icon_shape&quot;:&quot;circle&quot;}\" data-widget_type=\"form.default\">\n\t\t\t\t<div class=\"elementor-widget-container\">\n\t\t\t\t\t\t\t<form class=\"elementor-form\" method=\"post\" name=\"Contato\" aria-label=\"Contacto\" action=\"\">\n\t\t\t<input type=\"hidden\" name=\"post_id\" value=\"139\"\/>\n\t\t\t<input type=\"hidden\" name=\"form_id\" value=\"0f2bbfa\"\/>\n\t\t\t<input type=\"hidden\" name=\"referer_title\" value=\"Carbo Campers\" \/>\n\n\t\t\t\n\t\t\t<div class=\"elementor-form-fields-wrapper elementor-labels-\">\n\t\t\t\t\t\t\t\t<div class=\"elementor-field-type-select elementor-field-group elementor-column elementor-field-group-pais elementor-col-100 elementor-field-required\">\n\t\t\t\t\t\t\t\t\t\t\t\t<label for=\"form-field-pais\" class=\"elementor-field-label elementor-screen-only\">\n\t\t\t\t\t\t\t\tPa\u00eds\t\t\t\t\t\t\t<\/label>\n\t\t\t\t\t\t\t\t<div class=\"elementor-field elementor-select-wrapper remove-before\">\n\t\t\t<div class=\"select-caret-down-wrapper\">\n\t\t\t\t<svg aria-hidden=\"true\" class=\"e-font-icon-svg e-eicon-caret-down\" viewbox=\"0 0 571.4 571.4\" xmlns=\"http:\/\/www.w3.org\/2000\/svg\"><path d=\"M571 393Q571 407 561 418L311 668Q300 679 286 679T261 668L11 418Q0 407 0 393T11 368 36 357H536Q550 357 561 368T571 393Z\"><\/path><\/svg>\t\t\t<\/div>\n\t\t\t<select name=\"form_fields[pais]\" id=\"form-field-pais\" class=\"elementor-field-textual elementor-size-sm\" required=\"required\">\n\t\t\t\t\t\t\t\t\t<option value=\"\">Pa\u00eds <\/option>\n\t\t\t\t\t\t\t\t\t<option value=\"Brasil\">Brasil<\/option>\n\t\t\t\t\t\t\t\t\t<option value=\"Argentina\">Argentina<\/option>\n\t\t\t\t\t\t\t\t\t<option value=\"Chile \">Chile <\/option>\n\t\t\t\t\t\t\t\t\t<option value=\"Paraguai\">Paraguai<\/option>\n\t\t\t\t\t\t\t\t\t<option value=\"Uruguai\">Uruguai<\/option>\n\t\t\t\t\t\t\t<\/select>\n\t\t<\/div>\n\t\t\t\t\t\t<\/div>\n\t\t\t\t\t\t\t\t<div class=\"elementor-field-type-select elementor-field-group elementor-column elementor-field-group-estado elementor-col-100 elementor-field-required\">\n\t\t\t\t\t\t\t\t\t\t\t\t<label for=\"form-field-estado\" class=\"elementor-field-label elementor-screen-only\">\n\t\t\t\t\t\t\t\tEstado\t\t\t\t\t\t\t<\/label>\n\t\t\t\t\t\t\t\t<div class=\"elementor-field elementor-select-wrapper remove-before\">\n\t\t\t<div class=\"select-caret-down-wrapper\">\n\t\t\t\t<svg aria-hidden=\"true\" class=\"e-font-icon-svg e-eicon-caret-down\" viewbox=\"0 0 571.4 571.4\" xmlns=\"http:\/\/www.w3.org\/2000\/svg\"><path d=\"M571 393Q571 407 561 418L311 668Q300 679 286 679T261 668L11 418Q0 407 0 393T11 368 36 357H536Q550 357 561 368T571 393Z\"><\/path><\/svg>\t\t\t<\/div>\n\t\t\t<select name=\"form_fields[estado]\" id=\"form-field-estado\" class=\"elementor-field-textual elementor-size-sm\" required=\"required\">\n\t\t\t\t\t\t\t\t\t<option value=\"AC\">AC<\/option>\n\t\t\t\t\t\t\t\t\t<option value=\"AL\">AL<\/option>\n\t\t\t\t\t\t\t\t\t<option value=\"AP\">AP<\/option>\n\t\t\t\t\t\t\t\t\t<option value=\"AM\">AM<\/option>\n\t\t\t\t\t\t\t\t\t<option value=\"BA\">BA<\/option>\n\t\t\t\t\t\t\t\t\t<option value=\"CE\">CE<\/option>\n\t\t\t\t\t\t\t\t\t<option value=\"DF\">DF<\/option>\n\t\t\t\t\t\t\t\t\t<option value=\"ES\">ES<\/option>\n\t\t\t\t\t\t\t\t\t<option value=\"GO\">GO<\/option>\n\t\t\t\t\t\t\t\t\t<option value=\"MA\">MA<\/option>\n\t\t\t\t\t\t\t\t\t<option value=\"MT\">MT<\/option>\n\t\t\t\t\t\t\t\t\t<option value=\"MS\">MS<\/option>\n\t\t\t\t\t\t\t\t\t<option value=\"MG\">MG<\/option>\n\t\t\t\t\t\t\t\t\t<option value=\"PA\">PA<\/option>\n\t\t\t\t\t\t\t\t\t<option value=\"PB\">PB<\/option>\n\t\t\t\t\t\t\t\t\t<option value=\"PR\">PR<\/option>\n\t\t\t\t\t\t\t\t\t<option value=\"PE\">PE<\/option>\n\t\t\t\t\t\t\t\t\t<option value=\"PI\">PI<\/option>\n\t\t\t\t\t\t\t\t\t<option value=\"RJ\">RJ<\/option>\n\t\t\t\t\t\t\t\t\t<option value=\"RN\">RN<\/option>\n\t\t\t\t\t\t\t\t\t<option value=\"RS\">RS<\/option>\n\t\t\t\t\t\t\t\t\t<option value=\"RO\">RO<\/option>\n\t\t\t\t\t\t\t\t\t<option value=\"RR\">RR<\/option>\n\t\t\t\t\t\t\t\t\t<option value=\"SC\">SC<\/option>\n\t\t\t\t\t\t\t\t\t<option value=\"SP\" selected=\"selected\">SP<\/option>\n\t\t\t\t\t\t\t\t\t<option value=\"SE\">SE<\/option>\n\t\t\t\t\t\t\t\t\t<option value=\"TO\">TO<\/option>\n\t\t\t\t\t\t\t<\/select>\n\t\t<\/div>\n\t\t\t\t\t\t<\/div>\n\t\t\t\t\t\t\t\t<div class=\"elementor-field-type-text elementor-field-group elementor-column elementor-field-group-nome elementor-col-100 elementor-field-required\">\n\t\t\t\t\t\t\t\t\t\t\t\t<label for=\"form-field-nome\" class=\"elementor-field-label elementor-screen-only\">\n\t\t\t\t\t\t\t\tNombre\t\t\t\t\t\t\t<\/label>\n\t\t\t\t\t\t\t\t\t\t\t\t\t\t<input size=\"1\" type=\"text\" name=\"form_fields[nome]\" id=\"form-field-nome\" class=\"elementor-field elementor-size-sm  elementor-field-textual\" placeholder=\"Nombre\" required=\"required\">\n\t\t\t\t\t\t\t\t\t\t\t<\/div>\n\t\t\t\t\t\t\t\t<div class=\"elementor-field-type-email elementor-field-group elementor-column elementor-field-group-email elementor-col-100 elementor-field-required\">\n\t\t\t\t\t\t\t\t\t\t\t\t<label for=\"form-field-email\" class=\"elementor-field-label elementor-screen-only\">\n\t\t\t\t\t\t\t\tEmail\t\t\t\t\t\t\t<\/label>\n\t\t\t\t\t\t\t\t\t\t\t\t\t\t<input size=\"1\" type=\"email\" name=\"form_fields[email]\" id=\"form-field-email\" class=\"elementor-field elementor-size-sm  elementor-field-textual\" placeholder=\"Email\" required=\"required\">\n\t\t\t\t\t\t\t\t\t\t\t<\/div>\n\t\t\t\t\t\t\t\t<div class=\"elementor-field-type-number elementor-field-group elementor-column elementor-field-group-fone elementor-col-100 elementor-field-required\">\n\t\t\t\t\t\t\t\t\t\t\t\t<label for=\"form-field-fone\" class=\"elementor-field-label elementor-screen-only\">\n\t\t\t\t\t\t\t\tWhatsapp\t\t\t\t\t\t\t<\/label>\n\t\t\t\t\t\t\t\t\t<input type=\"number\" name=\"form_fields[fone]\" id=\"form-field-fone\" class=\"elementor-field elementor-size-sm  elementor-field-textual\" placeholder=\"Whatsapp (com DDD)\" required=\"required\" min=\"\" max=\"\" >\n\t\t\t\t\t\t<\/div>\n\t\t\t\t\t\t\t\t<div class=\"elementor-field-type-text elementor-field-group elementor-column elementor-field-group-caminhonete elementor-col-100 elementor-field-required\">\n\t\t\t\t\t\t\t\t\t\t\t\t<label for=\"form-field-caminhonete\" class=\"elementor-field-label elementor-screen-only\">\n\t\t\t\t\t\t\t\tModelo de camioneta\t\t\t\t\t\t\t<\/label>\n\t\t\t\t\t\t\t\t\t\t\t\t\t\t<input size=\"1\" type=\"text\" name=\"form_fields[caminhonete]\" id=\"form-field-caminhonete\" class=\"elementor-field elementor-size-sm  elementor-field-textual\" placeholder=\"Modelo de camioneta\" required=\"required\">\n\t\t\t\t\t\t\t\t\t\t\t<\/div>\n\t\t\t\t\t\t\t\t<div class=\"elementor-field-type-text elementor-field-group elementor-column elementor-field-group-profissao elementor-col-100 elementor-field-required\">\n\t\t\t\t\t\t\t\t\t\t\t\t<label for=\"form-field-profissao\" class=\"elementor-field-label elementor-screen-only\">\n\t\t\t\t\t\t\t\tProfesi\u00f3n\t\t\t\t\t\t\t<\/label>\n\t\t\t\t\t\t\t\t\t\t\t\t\t\t<input size=\"1\" type=\"text\" name=\"form_fields[profissao]\" id=\"form-field-profissao\" class=\"elementor-field elementor-size-sm  elementor-field-textual\" placeholder=\"Profesi\u00f3n\" required=\"required\">\n\t\t\t\t\t\t\t\t\t\t\t<\/div>\n\t\t\t\t\t\t\t\t<div class=\"elementor-field-type-radio elementor-field-group elementor-column elementor-field-group-consentimento elementor-col-100\">\n\t\t\t\t\t\t\t\t\t\t\t\t<label for=\"form-field-consentimento\" class=\"elementor-field-label elementor-screen-only\">\n\t\t\t\t\t\t\t\tConsentimento\t\t\t\t\t\t\t<\/label>\n\t\t\t\t\t\t<div class=\"elementor-field-subgroup\"><span class=\"elementor-field-option\"><input type=\"radio\" value=\"Eu concordo em receber comunica\u00e7\u00f5es personalizadas de acordo com meus interesses.\" id=\"form-field-consentimento-0\" name=\"form_fields[consentimento]\"> <label for=\"form-field-consentimento-0\">Acepto recibir comunicaciones personalizadas en funci\u00f3n de mis intereses.<\/label><\/span><\/div>\t\t\t\t<\/div>\n\t\t\t\t\t\t\t\t<div class=\"elementor-field-group elementor-column elementor-field-type-submit elementor-col-100 e-form__buttons\">\n\t\t\t\t\t<button class=\"elementor-button elementor-size-sm\" type=\"submit\">\n\t\t\t\t\t\t<span class=\"elementor-button-content-wrapper\">\n\t\t\t\t\t\t\t\t\t\t\t\t\t\t\t\t\t\t\t\t\t\t<span class=\"elementor-button-text\">enviar<\/span>\n\t\t\t\t\t\t\t\t\t\t\t\t\t<\/span>\n\t\t\t\t\t<\/button>\n\t\t\t\t<\/div>\n\t\t\t<\/div>\n\t\t<input type=\"hidden\" name=\"trp-form-language\" value=\"es\"\/><\/form>\n\t\t\t\t\t\t<\/div>\n\t\t\t\t<\/div>\n\t\t\t\t\t<\/div>\n\t\t<\/div>\n\t\t\t\t\t<\/div>\n\t\t<\/section>\n\t\t\t\t<div class=\"elementor-element elementor-element-0e356bf elementor-widget elementor-widget-spacer\" data-id=\"0e356bf\" data-element_type=\"widget\" data-e-type=\"widget\" data-widget_type=\"spacer.default\">\n\t\t\t\t<div class=\"elementor-widget-container\">\n\t\t\t\t\t\t\t<div class=\"elementor-spacer\">\n\t\t\t<div class=\"elementor-spacer-inner\"><\/div>\n\t\t<\/div>\n\t\t\t\t\t\t<\/div>\n\t\t\t\t<\/div>\n\t\t\t\t\t<\/div>\n\t\t<\/div>\n\t\t\t\t\t<\/div>\n\t\t<\/section>\n\t\t\t\t<\/div>","protected":false},"excerpt":{"rendered":"<p>SUA AVENTURA SE CONECTA AQUI FALE CONOSCO Queremos participar do planejamento da sua pr\u00f3xima viagem. Entre em contato com a nossa equipe, tire d\u00favidas sobre nossos modelos de trailers Off Road e solicite or\u00e7amentos ou personaliza\u00e7\u00f5es. Telefone (54) 99383 5628(54) 3342 9802 Hor\u00e1rio de AtendimentoSegunda \u00e0 Sexta-Feira 08:00 &#8211; 12:00 | 14:00 &#8211; 17:30 Emails [&hellip;]<\/p>","protected":false},"author":1,"featured_media":0,"parent":0,"menu_order":0,"comment_status":"closed","ping_status":"closed","template":"","meta":{"footnotes":""},"class_list":["post-139","page","type-page","status-publish","hentry"],"yoast_head":"<!-- This site is optimized with the Yoast SEO plugin v25.8 - https:\/\/yoast.com\/wordpress\/plugins\/seo\/ -->\n<title>Contato - Carbo Campers<\/title>\n<meta name=\"robots\" content=\"index, follow, max-snippet:-1, max-image-preview:large, max-video-preview:-1\" \/>\n<link rel=\"canonical\" href=\"https:\/\/carbocampers.com.br\/es\/contato\/\" \/>\n<meta property=\"og:locale\" content=\"es_ES\" \/>\n<meta property=\"og:type\" content=\"article\" \/>\n<meta property=\"og:title\" content=\"Contato - Carbo Campers\" \/>\n<meta property=\"og:description\" content=\"SUA AVENTURA SE CONECTA AQUI FALE CONOSCO Queremos participar do planejamento da sua pr\u00f3xima viagem. Entre em contato com a nossa equipe, tire d\u00favidas sobre nossos modelos de trailers Off Road e solicite or\u00e7amentos ou personaliza\u00e7\u00f5es. Telefone (54) 99383 5628(54) 3342 9802 Hor\u00e1rio de AtendimentoSegunda \u00e0 Sexta-Feira 08:00 &#8211; 12:00 | 14:00 &#8211; 17:30 Emails [&hellip;]\" \/>\n<meta property=\"og:url\" content=\"https:\/\/carbocampers.com.br\/es\/contato\/\" \/>\n<meta property=\"og:site_name\" content=\"Carbo Campers\" \/>\n<meta property=\"article:publisher\" content=\"https:\/\/www.facebook.com\/carbocampers\" \/>\n<meta property=\"article:modified_time\" content=\"2025-11-30T21:05:44+00:00\" \/>\n<meta name=\"twitter:card\" content=\"summary_large_image\" \/>\n<meta name=\"twitter:label1\" content=\"Tiempo de lectura\" \/>\n\t<meta name=\"twitter:data1\" content=\"1 minuto\" \/>\n<script type=\"application\/ld+json\" class=\"yoast-schema-graph\">{\"@context\":\"https:\/\/schema.org\",\"@graph\":[{\"@type\":\"WebPage\",\"@id\":\"https:\/\/carbocampers.com.br\/contato\/\",\"url\":\"https:\/\/carbocampers.com.br\/contato\/\",\"name\":\"Contato - Carbo Campers\",\"isPartOf\":{\"@id\":\"https:\/\/carbocampers.com.br\/#website\"},\"datePublished\":\"2022-07-20T20:10:02+00:00\",\"dateModified\":\"2025-11-30T21:05:44+00:00\",\"breadcrumb\":{\"@id\":\"https:\/\/carbocampers.com.br\/contato\/#breadcrumb\"},\"inLanguage\":\"es\",\"potentialAction\":[{\"@type\":\"ReadAction\",\"target\":[\"https:\/\/carbocampers.com.br\/contato\/\"]}]},{\"@type\":\"BreadcrumbList\",\"@id\":\"https:\/\/carbocampers.com.br\/contato\/#breadcrumb\",\"itemListElement\":[{\"@type\":\"ListItem\",\"position\":1,\"name\":\"In\u00edcio\",\"item\":\"https:\/\/carbocampers.com.br\/\"},{\"@type\":\"ListItem\",\"position\":2,\"name\":\"Contato\"}]},{\"@type\":\"WebSite\",\"@id\":\"https:\/\/carbocampers.com.br\/#website\",\"url\":\"https:\/\/carbocampers.com.br\/\",\"name\":\"Carbo Campers\",\"description\":\"\",\"publisher\":{\"@id\":\"https:\/\/carbocampers.com.br\/#organization\"},\"potentialAction\":[{\"@type\":\"SearchAction\",\"target\":{\"@type\":\"EntryPoint\",\"urlTemplate\":\"https:\/\/carbocampers.com.br\/?s={search_term_string}\"},\"query-input\":{\"@type\":\"PropertyValueSpecification\",\"valueRequired\":true,\"valueName\":\"search_term_string\"}}],\"inLanguage\":\"es\"},{\"@type\":\"Organization\",\"@id\":\"https:\/\/carbocampers.com.br\/#organization\",\"name\":\"Carbo Campers\",\"url\":\"https:\/\/carbocampers.com.br\/\",\"logo\":{\"@type\":\"ImageObject\",\"inLanguage\":\"es\",\"@id\":\"https:\/\/carbocampers.com.br\/#\/schema\/logo\/image\/\",\"url\":\"http:\/\/carbocampers.com.br\/wp-content\/uploads\/2022\/07\/cropped-Carbo-Campers-logo-2-2-220x90-1.png\",\"contentUrl\":\"http:\/\/carbocampers.com.br\/wp-content\/uploads\/2022\/07\/cropped-Carbo-Campers-logo-2-2-220x90-1.png\",\"width\":220,\"height\":90,\"caption\":\"Carbo Campers\"},\"image\":{\"@id\":\"https:\/\/carbocampers.com.br\/#\/schema\/logo\/image\/\"},\"sameAs\":[\"https:\/\/www.facebook.com\/carbocampers\",\"https:\/\/www.instagram.com\/carbocampers\/\"]}]}<\/script>\n<!-- \/ Yoast SEO plugin. -->","yoast_head_json":{"title":"Contato - Carbo Campers","robots":{"index":"index","follow":"follow","max-snippet":"max-snippet:-1","max-image-preview":"max-image-preview:large","max-video-preview":"max-video-preview:-1"},"canonical":"https:\/\/carbocampers.com.br\/es\/contato\/","og_locale":"es_ES","og_type":"article","og_title":"Contato - Carbo Campers","og_description":"SUA AVENTURA SE CONECTA AQUI FALE CONOSCO Queremos participar do planejamento da sua pr\u00f3xima viagem. Entre em contato com a nossa equipe, tire d\u00favidas sobre nossos modelos de trailers Off Road e solicite or\u00e7amentos ou personaliza\u00e7\u00f5es. Telefone (54) 99383 5628(54) 3342 9802 Hor\u00e1rio de AtendimentoSegunda \u00e0 Sexta-Feira 08:00 &#8211; 12:00 | 14:00 &#8211; 17:30 Emails [&hellip;]","og_url":"https:\/\/carbocampers.com.br\/es\/contato\/","og_site_name":"Carbo Campers","article_publisher":"https:\/\/www.facebook.com\/carbocampers","article_modified_time":"2025-11-30T21:05:44+00:00","twitter_card":"summary_large_image","twitter_misc":{"Tiempo de lectura":"1 minuto"},"schema":{"@context":"https:\/\/schema.org","@graph":[{"@type":"WebPage","@id":"https:\/\/carbocampers.com.br\/contato\/","url":"https:\/\/carbocampers.com.br\/contato\/","name":"Contato - Carbo Campers","isPartOf":{"@id":"https:\/\/carbocampers.com.br\/#website"},"datePublished":"2022-07-20T20:10:02+00:00","dateModified":"2025-11-30T21:05:44+00:00","breadcrumb":{"@id":"https:\/\/carbocampers.com.br\/contato\/#breadcrumb"},"inLanguage":"es","potentialAction":[{"@type":"ReadAction","target":["https:\/\/carbocampers.com.br\/contato\/"]}]},{"@type":"BreadcrumbList","@id":"https:\/\/carbocampers.com.br\/contato\/#breadcrumb","itemListElement":[{"@type":"ListItem","position":1,"name":"In\u00edcio","item":"https:\/\/carbocampers.com.br\/"},{"@type":"ListItem","position":2,"name":"Contato"}]},{"@type":"WebSite","@id":"https:\/\/carbocampers.com.br\/#website","url":"https:\/\/carbocampers.com.br\/","name":"Carbo Campers","description":"","publisher":{"@id":"https:\/\/carbocampers.com.br\/#organization"},"potentialAction":[{"@type":"SearchAction","target":{"@type":"EntryPoint","urlTemplate":"https:\/\/carbocampers.com.br\/?s={search_term_string}"},"query-input":{"@type":"PropertyValueSpecification","valueRequired":true,"valueName":"search_term_string"}}],"inLanguage":"es"},{"@type":"Organization","@id":"https:\/\/carbocampers.com.br\/#organization","name":"Carbo Campers","url":"https:\/\/carbocampers.com.br\/","logo":{"@type":"ImageObject","inLanguage":"es","@id":"https:\/\/carbocampers.com.br\/#\/schema\/logo\/image\/","url":"http:\/\/carbocampers.com.br\/wp-content\/uploads\/2022\/07\/cropped-Carbo-Campers-logo-2-2-220x90-1.png","contentUrl":"http:\/\/carbocampers.com.br\/wp-content\/uploads\/2022\/07\/cropped-Carbo-Campers-logo-2-2-220x90-1.png","width":220,"height":90,"caption":"Carbo Campers"},"image":{"@id":"https:\/\/carbocampers.com.br\/#\/schema\/logo\/image\/"},"sameAs":["https:\/\/www.facebook.com\/carbocampers","https:\/\/www.instagram.com\/carbocampers\/"]}]}},"_links":{"self":[{"href":"https:\/\/carbocampers.com.br\/es\/wp-json\/wp\/v2\/pages\/139","targetHints":{"allow":["GET"]}}],"collection":[{"href":"https:\/\/carbocampers.com.br\/es\/wp-json\/wp\/v2\/pages"}],"about":[{"href":"https:\/\/carbocampers.com.br\/es\/wp-json\/wp\/v2\/types\/page"}],"author":[{"embeddable":true,"href":"https:\/\/carbocampers.com.br\/es\/wp-json\/wp\/v2\/users\/1"}],"replies":[{"embeddable":true,"href":"https:\/\/carbocampers.com.br\/es\/wp-json\/wp\/v2\/comments?post=139"}],"version-history":[{"count":169,"href":"https:\/\/carbocampers.com.br\/es\/wp-json\/wp\/v2\/pages\/139\/revisions"}],"predecessor-version":[{"id":5522,"href":"https:\/\/carbocampers.com.br\/es\/wp-json\/wp\/v2\/pages\/139\/revisions\/5522"}],"wp:attachment":[{"href":"https:\/\/carbocampers.com.br\/es\/wp-json\/wp\/v2\/media?parent=139"}],"curies":[{"name":"wp","href":"https:\/\/api.w.org\/{rel}","templated":true}]}}