{"id":5449,"date":"2025-11-14T17:02:15","date_gmt":"2025-11-14T20:02:15","guid":{"rendered":"https:\/\/carbocampers.com.br\/?page_id=5449"},"modified":"2025-11-14T17:04:51","modified_gmt":"2025-11-14T20:04:51","slug":"orcamento-projetos-especiais","status":"publish","type":"page","link":"https:\/\/carbocampers.com.br\/es\/projetos-especiais\/orcamento-projetos-especiais\/","title":{"rendered":"Orcamento Projetos Especiais"},"content":{"rendered":"<div data-elementor-type=\"wp-page\" data-elementor-id=\"5449\" class=\"elementor elementor-5449\" data-elementor-post-type=\"page\">\n\t\t\t\t\t\t<section class=\"elementor-section elementor-top-section elementor-element elementor-element-f80d250 elementor-reverse-mobile elementor-section-height-full elementor-section-boxed elementor-section-height-default elementor-section-items-middle\" data-id=\"f80d250\" data-element_type=\"section\" data-e-type=\"section\" data-settings=\"{&quot;background_background&quot;:&quot;classic&quot;}\">\n\t\t\t\t\t\t\t<div class=\"elementor-background-overlay\"><\/div>\n\t\t\t\t\t\t\t<div class=\"elementor-container elementor-column-gap-default\">\n\t\t\t\t\t<div class=\"elementor-column elementor-col-100 elementor-top-column elementor-element elementor-element-df46953\" data-id=\"df46953\" data-element_type=\"column\" data-e-type=\"column\">\n\t\t\t<div class=\"elementor-widget-wrap elementor-element-populated\">\n\t\t\t\t\t\t<div class=\"elementor-element elementor-element-8dd8728 elementor-widget elementor-widget-heading\" data-id=\"8dd8728\" data-element_type=\"widget\" data-e-type=\"widget\" data-widget_type=\"heading.default\">\n\t\t\t\t<div class=\"elementor-widget-container\">\n\t\t\t\t\t<h2 class=\"elementor-heading-title elementor-size-default\">SOLICITE AQUI SEU OR\u00c7AMENTO<\/h2>\t\t\t\t<\/div>\n\t\t\t\t<\/div>\n\t\t\t\t<div class=\"elementor-element elementor-element-346f13d elementor-widget elementor-widget-text-editor\" data-id=\"346f13d\" data-element_type=\"widget\" data-e-type=\"widget\" data-widget_type=\"text-editor.default\">\n\t\t\t\t<div class=\"elementor-widget-container\">\n\t\t\t\t\t\t\t\t\t<p>Solo tienes que rellenar el formulario de abajo.<\/p>\t\t\t\t\t\t\t\t<\/div>\n\t\t\t\t<\/div>\n\t\t\t\t<div class=\"elementor-element elementor-element-c84bbe1 elementor-button-align-start elementor-widget elementor-widget-form\" data-id=\"c84bbe1\" data-element_type=\"widget\" data-e-type=\"widget\" data-settings=\"{&quot;step_next_label&quot;:&quot;Next&quot;,&quot;step_previous_label&quot;:&quot;Previous&quot;,&quot;button_width&quot;:&quot;100&quot;,&quot;step_type&quot;:&quot;number_text&quot;,&quot;step_icon_shape&quot;:&quot;circle&quot;}\" data-widget_type=\"form.default\">\n\t\t\t\t<div class=\"elementor-widget-container\">\n\t\t\t\t\t\t\t<form class=\"elementor-form\" method=\"post\" name=\"Orcamento-projetos-especiais\" aria-label=\"Orcamento-projetos-especiais\" action=\"\">\n\t\t\t<input type=\"hidden\" name=\"post_id\" value=\"5449\"\/>\n\t\t\t<input type=\"hidden\" name=\"form_id\" value=\"c84bbe1\"\/>\n\t\t\t<input type=\"hidden\" name=\"referer_title\" value=\"Carbo Campers\" \/>\n\n\t\t\t\n\t\t\t<div class=\"elementor-form-fields-wrapper elementor-labels-\">\n\t\t\t\t\t\t\t\t<div class=\"elementor-field-type-select elementor-field-group elementor-column elementor-field-group-pais elementor-col-100 elementor-field-required\">\n\t\t\t\t\t\t\t\t\t\t\t\t<label for=\"form-field-pais\" class=\"elementor-field-label elementor-screen-only\">\n\t\t\t\t\t\t\t\tPa\u00eds\t\t\t\t\t\t\t<\/label>\n\t\t\t\t\t\t\t\t<div class=\"elementor-field elementor-select-wrapper remove-before\">\n\t\t\t<div class=\"select-caret-down-wrapper\">\n\t\t\t\t<svg aria-hidden=\"true\" class=\"e-font-icon-svg e-eicon-caret-down\" viewbox=\"0 0 571.4 571.4\" xmlns=\"http:\/\/www.w3.org\/2000\/svg\"><path d=\"M571 393Q571 407 561 418L311 668Q300 679 286 679T261 668L11 418Q0 407 0 393T11 368 36 357H536Q550 357 561 368T571 393Z\"><\/path><\/svg>\t\t\t<\/div>\n\t\t\t<select name=\"form_fields[pais]\" id=\"form-field-pais\" class=\"elementor-field-textual elementor-size-sm\" required=\"required\">\n\t\t\t\t\t\t\t\t\t<option value=\"\">Pa\u00eds <\/option>\n\t\t\t\t\t\t\t\t\t<option value=\"Brasil\">Brasil<\/option>\n\t\t\t\t\t\t\t\t\t<option value=\"Argentina\">Argentina<\/option>\n\t\t\t\t\t\t\t\t\t<option value=\"Chile \">Chile <\/option>\n\t\t\t\t\t\t\t\t\t<option value=\"Paraguai\">Paraguai<\/option>\n\t\t\t\t\t\t\t\t\t<option value=\"Uruguai\">Uruguai<\/option>\n\t\t\t\t\t\t\t<\/select>\n\t\t<\/div>\n\t\t\t\t\t\t<\/div>\n\t\t\t\t\t\t\t\t<div class=\"elementor-field-type-text elementor-field-group elementor-column elementor-field-group-nome elementor-col-100 elementor-field-required\">\n\t\t\t\t\t\t\t\t\t\t\t\t<label for=\"form-field-nome\" class=\"elementor-field-label elementor-screen-only\">\n\t\t\t\t\t\t\t\tNombre\t\t\t\t\t\t\t<\/label>\n\t\t\t\t\t\t\t\t\t\t\t\t\t\t<input size=\"1\" type=\"text\" name=\"form_fields[nome]\" id=\"form-field-nome\" class=\"elementor-field elementor-size-sm  elementor-field-textual\" placeholder=\"Nombre\" required=\"required\">\n\t\t\t\t\t\t\t\t\t\t\t<\/div>\n\t\t\t\t\t\t\t\t<div class=\"elementor-field-type-email elementor-field-group elementor-column elementor-field-group-email elementor-col-100 elementor-field-required\">\n\t\t\t\t\t\t\t\t\t\t\t\t<label for=\"form-field-email\" class=\"elementor-field-label elementor-screen-only\">\n\t\t\t\t\t\t\t\tEmail\t\t\t\t\t\t\t<\/label>\n\t\t\t\t\t\t\t\t\t\t\t\t\t\t<input size=\"1\" type=\"email\" name=\"form_fields[email]\" id=\"form-field-email\" class=\"elementor-field elementor-size-sm  elementor-field-textual\" placeholder=\"Email\" required=\"required\">\n\t\t\t\t\t\t\t\t\t\t\t<\/div>\n\t\t\t\t\t\t\t\t<div class=\"elementor-field-type-number elementor-field-group elementor-column elementor-field-group-whatsapp elementor-col-100 elementor-field-required\">\n\t\t\t\t\t\t\t\t\t\t\t\t<label for=\"form-field-whatsapp\" class=\"elementor-field-label elementor-screen-only\">\n\t\t\t\t\t\t\t\tWhatsapp\t\t\t\t\t\t\t<\/label>\n\t\t\t\t\t\t\t\t\t<input type=\"number\" name=\"form_fields[whatsapp]\" id=\"form-field-whatsapp\" class=\"elementor-field elementor-size-sm  elementor-field-textual\" placeholder=\"Whatsapp (com DDD)\" required=\"required\" min=\"\" max=\"\" >\n\t\t\t\t\t\t<\/div>\n\t\t\t\t\t\t\t\t<div class=\"elementor-field-type-text elementor-field-group elementor-column elementor-field-group-caminhonete elementor-col-100 elementor-field-required\">\n\t\t\t\t\t\t\t\t\t\t\t\t<label for=\"form-field-caminhonete\" class=\"elementor-field-label elementor-screen-only\">\n\t\t\t\t\t\t\t\tQual \u00e9 o seu Autom\u00f3vel?\t\t\t\t\t\t\t<\/label>\n\t\t\t\t\t\t\t\t\t\t\t\t\t\t<input size=\"1\" type=\"text\" name=\"form_fields[caminhonete]\" id=\"form-field-caminhonete\" class=\"elementor-field elementor-size-sm  elementor-field-textual\" placeholder=\"Qual \u00e9 o seu Autom\u00f3vel?\" required=\"required\">\n\t\t\t\t\t\t\t\t\t\t\t<\/div>\n\t\t\t\t\t\t\t\t<div class=\"elementor-field-type-select elementor-field-group elementor-column elementor-field-group-estado elementor-col-100 elementor-field-required\">\n\t\t\t\t\t\t\t\t\t\t\t\t<label for=\"form-field-estado\" class=\"elementor-field-label elementor-screen-only\">\n\t\t\t\t\t\t\t\tEstado\t\t\t\t\t\t\t<\/label>\n\t\t\t\t\t\t\t\t<div class=\"elementor-field elementor-select-wrapper remove-before\">\n\t\t\t<div class=\"select-caret-down-wrapper\">\n\t\t\t\t<svg aria-hidden=\"true\" class=\"e-font-icon-svg e-eicon-caret-down\" viewbox=\"0 0 571.4 571.4\" xmlns=\"http:\/\/www.w3.org\/2000\/svg\"><path d=\"M571 393Q571 407 561 418L311 668Q300 679 286 679T261 668L11 418Q0 407 0 393T11 368 36 357H536Q550 357 561 368T571 393Z\"><\/path><\/svg>\t\t\t<\/div>\n\t\t\t<select name=\"form_fields[estado]\" id=\"form-field-estado\" class=\"elementor-field-textual elementor-size-sm\" required=\"required\">\n\t\t\t\t\t\t\t\t\t<option value=\"\">Estado <\/option>\n\t\t\t\t\t\t\t\t\t<option value=\"AC\">AC<\/option>\n\t\t\t\t\t\t\t\t\t<option value=\"AL\">AL<\/option>\n\t\t\t\t\t\t\t\t\t<option value=\"AP\">AP<\/option>\n\t\t\t\t\t\t\t\t\t<option value=\"AM\">AM<\/option>\n\t\t\t\t\t\t\t\t\t<option value=\"BA\">BA<\/option>\n\t\t\t\t\t\t\t\t\t<option value=\"CE\">CE<\/option>\n\t\t\t\t\t\t\t\t\t<option value=\"DF\">DF<\/option>\n\t\t\t\t\t\t\t\t\t<option value=\"ES\">ES<\/option>\n\t\t\t\t\t\t\t\t\t<option value=\"GO\">GO<\/option>\n\t\t\t\t\t\t\t\t\t<option value=\"MA\">MA<\/option>\n\t\t\t\t\t\t\t\t\t<option value=\"MT\">MT<\/option>\n\t\t\t\t\t\t\t\t\t<option value=\"MS\">MS<\/option>\n\t\t\t\t\t\t\t\t\t<option value=\"MG\">MG<\/option>\n\t\t\t\t\t\t\t\t\t<option value=\"PA\">PA<\/option>\n\t\t\t\t\t\t\t\t\t<option value=\"PB\">PB<\/option>\n\t\t\t\t\t\t\t\t\t<option value=\"PR\">PR<\/option>\n\t\t\t\t\t\t\t\t\t<option value=\"PE\">PE<\/option>\n\t\t\t\t\t\t\t\t\t<option value=\"PI\">PI<\/option>\n\t\t\t\t\t\t\t\t\t<option value=\"RJ\">RJ<\/option>\n\t\t\t\t\t\t\t\t\t<option value=\"RN\">RN<\/option>\n\t\t\t\t\t\t\t\t\t<option value=\"RS\">RS<\/option>\n\t\t\t\t\t\t\t\t\t<option value=\"RO\">RO<\/option>\n\t\t\t\t\t\t\t\t\t<option value=\"RR\">RR<\/option>\n\t\t\t\t\t\t\t\t\t<option value=\"SC\">SC<\/option>\n\t\t\t\t\t\t\t\t\t<option value=\"SP\">SP<\/option>\n\t\t\t\t\t\t\t\t\t<option value=\"SE\">SE<\/option>\n\t\t\t\t\t\t\t\t\t<option value=\"TO\">TO<\/option>\n\t\t\t\t\t\t\t<\/select>\n\t\t<\/div>\n\t\t\t\t\t\t<\/div>\n\t\t\t\t\t\t\t\t<div class=\"elementor-field-type-text elementor-field-group elementor-column elementor-field-group-profissao elementor-col-100 elementor-field-required\">\n\t\t\t\t\t\t\t\t\t\t\t\t<label for=\"form-field-profissao\" class=\"elementor-field-label elementor-screen-only\">\n\t\t\t\t\t\t\t\tProfesi\u00f3n\t\t\t\t\t\t\t<\/label>\n\t\t\t\t\t\t\t\t\t\t\t\t\t\t<input size=\"1\" type=\"text\" name=\"form_fields[profissao]\" id=\"form-field-profissao\" class=\"elementor-field elementor-size-sm  elementor-field-textual\" placeholder=\"Profesi\u00f3n\" required=\"required\">\n\t\t\t\t\t\t\t\t\t\t\t<\/div>\n\t\t\t\t\t\t\t\t<div class=\"elementor-field-type-select elementor-field-group elementor-column elementor-field-group-ja_realizou_expedicoes elementor-col-100 elementor-field-required\">\n\t\t\t\t\t\t\t\t\t\t\t\t<label for=\"form-field-ja_realizou_expedicoes\" class=\"elementor-field-label elementor-screen-only\">\n\t\t\t\t\t\t\t\tJ\u00e1 realiza\/realizou expedi\u00e7\u00f5es?\t\t\t\t\t\t\t<\/label>\n\t\t\t\t\t\t\t\t<div class=\"elementor-field elementor-select-wrapper remove-before\">\n\t\t\t<div class=\"select-caret-down-wrapper\">\n\t\t\t\t<svg aria-hidden=\"true\" class=\"e-font-icon-svg e-eicon-caret-down\" viewbox=\"0 0 571.4 571.4\" xmlns=\"http:\/\/www.w3.org\/2000\/svg\"><path d=\"M571 393Q571 407 561 418L311 668Q300 679 286 679T261 668L11 418Q0 407 0 393T11 368 36 357H536Q550 357 561 368T571 393Z\"><\/path><\/svg>\t\t\t<\/div>\n\t\t\t<select name=\"form_fields[ja_realizou_expedicoes]\" id=\"form-field-ja_realizou_expedicoes\" class=\"elementor-field-textual elementor-size-sm\" required=\"required\">\n\t\t\t\t\t\t\t\t\t<option value=\"\">J\u00e1 realiza\/realizou expedi\u00e7\u00f5es? <\/option>\n\t\t\t\t\t\t\t\t\t<option value=\"Sim\">Si<\/option>\n\t\t\t\t\t\t\t\t\t<option value=\"N\u00e3o\">No<\/option>\n\t\t\t\t\t\t\t<\/select>\n\t\t<\/div>\n\t\t\t\t\t\t<\/div>\n\t\t\t\t\t\t\t\t<div class=\"elementor-field-type-select elementor-field-group elementor-column elementor-field-group-field_e994b5b elementor-col-100 elementor-field-required\">\n\t\t\t\t\t\t\t\t\t\t\t\t<label for=\"form-field-field_e994b5b\" class=\"elementor-field-label elementor-screen-only\">\n\t\t\t\t\t\t\t\t\u00bfHas tenido alguna experiencia con acampar?\t\t\t\t\t\t\t<\/label>\n\t\t\t\t\t\t\t\t<div class=\"elementor-field elementor-select-wrapper remove-before\">\n\t\t\t<div class=\"select-caret-down-wrapper\">\n\t\t\t\t<svg aria-hidden=\"true\" class=\"e-font-icon-svg e-eicon-caret-down\" viewbox=\"0 0 571.4 571.4\" xmlns=\"http:\/\/www.w3.org\/2000\/svg\"><path d=\"M571 393Q571 407 561 418L311 668Q300 679 286 679T261 668L11 418Q0 407 0 393T11 368 36 357H536Q550 357 561 368T571 393Z\"><\/path><\/svg>\t\t\t<\/div>\n\t\t\t<select name=\"form_fields[field_e994b5b]\" id=\"form-field-field_e994b5b\" class=\"elementor-field-textual elementor-size-sm\" required=\"required\">\n\t\t\t\t\t\t\t\t\t<option value=\"\">\u00bfHas tenido alguna experiencia con acampar? <\/option>\n\t\t\t\t\t\t\t\t\t<option value=\"Sim\">Si<\/option>\n\t\t\t\t\t\t\t\t\t<option value=\"N\u00e3o\">No<\/option>\n\t\t\t\t\t\t\t<\/select>\n\t\t<\/div>\n\t\t\t\t\t\t<\/div>\n\t\t\t\t\t\t\t\t<div class=\"elementor-field-type-select elementor-field-group elementor-column elementor-field-group-field_tempo_viajar elementor-col-100 elementor-field-required\">\n\t\t\t\t\t\t\t\t\t\t\t\t<label for=\"form-field-field_tempo_viajar\" class=\"elementor-field-label elementor-screen-only\">\n\t\t\t\t\t\t\t\tEm quanto tempo voc\u00ea pretende viajar\t\t\t\t\t\t\t<\/label>\n\t\t\t\t\t\t\t\t<div class=\"elementor-field elementor-select-wrapper remove-before\">\n\t\t\t<div class=\"select-caret-down-wrapper\">\n\t\t\t\t<svg aria-hidden=\"true\" class=\"e-font-icon-svg e-eicon-caret-down\" viewbox=\"0 0 571.4 571.4\" xmlns=\"http:\/\/www.w3.org\/2000\/svg\"><path d=\"M571 393Q571 407 561 418L311 668Q300 679 286 679T261 668L11 418Q0 407 0 393T11 368 36 357H536Q550 357 561 368T571 393Z\"><\/path><\/svg>\t\t\t<\/div>\n\t\t\t<select name=\"form_fields[field_tempo_viajar]\" id=\"form-field-field_tempo_viajar\" class=\"elementor-field-textual elementor-size-sm\" required=\"required\">\n\t\t\t\t\t\t\t\t\t<option value=\"\">\u00bfEn cu\u00e1nto tiempo piensas viajar? <\/option>\n\t\t\t\t\t\t\t\t\t<option value=\"1 m\u00eas\">1 m\u00eas<\/option>\n\t\t\t\t\t\t\t\t\t<option value=\"3 meses\">3 meses<\/option>\n\t\t\t\t\t\t\t\t\t<option value=\"6 meses\">6 meses<\/option>\n\t\t\t\t\t\t\t\t\t<option value=\"8 meses\">8 meses<\/option>\n\t\t\t\t\t\t\t\t\t<option value=\"12 meses\">12 meses<\/option>\n\t\t\t\t\t\t\t\t\t<option value=\"24 meses\">24 meses<\/option>\n\t\t\t\t\t\t\t<\/select>\n\t\t<\/div>\n\t\t\t\t\t\t<\/div>\n\t\t\t\t\t\t\t\t<div class=\"elementor-field-type-select elementor-field-group elementor-column elementor-field-group-quanto_tempo_pratica_campismo elementor-col-100 elementor-field-required\">\n\t\t\t\t\t\t\t\t\t\t\t\t<label for=\"form-field-quanto_tempo_pratica_campismo\" class=\"elementor-field-label elementor-screen-only\">\n\t\t\t\t\t\t\t\tH\u00e1 quanto tempo voc\u00ea acampa\/pratica campismo?\t\t\t\t\t\t\t<\/label>\n\t\t\t\t\t\t\t\t<div class=\"elementor-field elementor-select-wrapper remove-before\">\n\t\t\t<div class=\"select-caret-down-wrapper\">\n\t\t\t\t<svg aria-hidden=\"true\" class=\"e-font-icon-svg e-eicon-caret-down\" viewbox=\"0 0 571.4 571.4\" xmlns=\"http:\/\/www.w3.org\/2000\/svg\"><path d=\"M571 393Q571 407 561 418L311 668Q300 679 286 679T261 668L11 418Q0 407 0 393T11 368 36 357H536Q550 357 561 368T571 393Z\"><\/path><\/svg>\t\t\t<\/div>\n\t\t\t<select name=\"form_fields[quanto_tempo_pratica_campismo]\" id=\"form-field-quanto_tempo_pratica_campismo\" class=\"elementor-field-textual elementor-size-sm\" required=\"required\">\n\t\t\t\t\t\t\t\t\t<option value=\"\">H\u00e1 quanto tempo voc\u00ea acampa\/pratica campismo? <\/option>\n\t\t\t\t\t\t\t\t\t<option value=\"Menos de 6 meses\">Menos de 6 meses<\/option>\n\t\t\t\t\t\t\t\t\t<option value=\"6 meses - 1 ano\">6 meses - 1 ano<\/option>\n\t\t\t\t\t\t\t\t\t<option value=\"1 - 2 anos\">1 - 2 anos<\/option>\n\t\t\t\t\t\t\t\t\t<option value=\"2 - 3 anos\">2 - 3 anos<\/option>\n\t\t\t\t\t\t\t\t\t<option value=\"3 - 4 anos\">3 - 4 anos<\/option>\n\t\t\t\t\t\t\t\t\t<option value=\"4 - 5 anos\">4 - 5 anos<\/option>\n\t\t\t\t\t\t\t\t\t<option value=\"+ 5 anos\">+ 5 anos<\/option>\n\t\t\t\t\t\t\t<\/select>\n\t\t<\/div>\n\t\t\t\t\t\t<\/div>\n\t\t\t\t\t\t\t\t<div class=\"elementor-field-type-radio elementor-field-group elementor-column elementor-field-group-consentimento elementor-col-100\">\n\t\t\t\t\t\t\t\t\t\t\t\t<label for=\"form-field-consentimento\" class=\"elementor-field-label elementor-screen-only\">\n\t\t\t\t\t\t\t\tConsentimento\t\t\t\t\t\t\t<\/label>\n\t\t\t\t\t\t<div class=\"elementor-field-subgroup\"><span class=\"elementor-field-option\"><input type=\"radio\" value=\"Eu concordo em receber comunica\u00e7\u00f5es personalizadas de acordo com meus interesses.\" id=\"form-field-consentimento-0\" name=\"form_fields[consentimento]\"> <label for=\"form-field-consentimento-0\">Acepto recibir comunicaciones personalizadas en funci\u00f3n de mis intereses.<\/label><\/span><\/div>\t\t\t\t<\/div>\n\t\t\t\t\t\t\t\t<div class=\"elementor-field-group elementor-column elementor-field-type-submit elementor-col-100 e-form__buttons\">\n\t\t\t\t\t<button class=\"elementor-button elementor-size-sm\" type=\"submit\">\n\t\t\t\t\t\t<span class=\"elementor-button-content-wrapper\">\n\t\t\t\t\t\t\t\t\t\t\t\t\t\t\t\t\t\t\t\t\t\t<span class=\"elementor-button-text\">Enviar Agora<\/span>\n\t\t\t\t\t\t\t\t\t\t\t\t\t<\/span>\n\t\t\t\t\t<\/button>\n\t\t\t\t<\/div>\n\t\t\t<\/div>\n\t\t<input type=\"hidden\" name=\"trp-form-language\" value=\"es\"\/><\/form>\n\t\t\t\t\t\t<\/div>\n\t\t\t\t<\/div>\n\t\t\t\t\t<\/div>\n\t\t<\/div>\n\t\t\t\t\t<\/div>\n\t\t<\/section>\n\t\t\t\t<\/div>","protected":false},"excerpt":{"rendered":"<p>SOLICITE AQUI SEU OR\u00c7AMENTO \u00c9 s\u00f3 preencher o formul\u00e1rio abaixo.<\/p>","protected":false},"author":6,"featured_media":0,"parent":5422,"menu_order":0,"comment_status":"closed","ping_status":"closed","template":"","meta":{"footnotes":""},"class_list":["post-5449","page","type-page","status-publish","hentry"],"yoast_head":"<!-- This site is optimized with the Yoast SEO plugin v25.8 - https:\/\/yoast.com\/wordpress\/plugins\/seo\/ -->\n<title>Orcamento Projetos Especiais - Carbo Campers<\/title>\n<meta name=\"robots\" content=\"index, follow, max-snippet:-1, max-image-preview:large, max-video-preview:-1\" \/>\n<link rel=\"canonical\" href=\"https:\/\/carbocampers.com.br\/es\/projetos-especiais\/orcamento-projetos-especiais\/\" \/>\n<meta property=\"og:locale\" content=\"es_ES\" \/>\n<meta property=\"og:type\" content=\"article\" \/>\n<meta property=\"og:title\" content=\"Orcamento Projetos Especiais - Carbo Campers\" \/>\n<meta property=\"og:description\" content=\"SOLICITE AQUI SEU OR\u00c7AMENTO \u00c9 s\u00f3 preencher o formul\u00e1rio abaixo.\" \/>\n<meta property=\"og:url\" content=\"https:\/\/carbocampers.com.br\/es\/projetos-especiais\/orcamento-projetos-especiais\/\" \/>\n<meta property=\"og:site_name\" content=\"Carbo Campers\" \/>\n<meta property=\"article:publisher\" content=\"https:\/\/www.facebook.com\/carbocampers\" \/>\n<meta property=\"article:modified_time\" content=\"2025-11-14T20:04:51+00:00\" \/>\n<meta name=\"twitter:card\" content=\"summary_large_image\" \/>\n<meta name=\"twitter:label1\" content=\"Tiempo de lectura\" \/>\n\t<meta name=\"twitter:data1\" content=\"1 minuto\" \/>\n<script type=\"application\/ld+json\" class=\"yoast-schema-graph\">{\"@context\":\"https:\/\/schema.org\",\"@graph\":[{\"@type\":\"WebPage\",\"@id\":\"https:\/\/carbocampers.com.br\/projetos-especiais\/orcamento-projetos-especiais\/\",\"url\":\"https:\/\/carbocampers.com.br\/projetos-especiais\/orcamento-projetos-especiais\/\",\"name\":\"Orcamento Projetos Especiais - Carbo Campers\",\"isPartOf\":{\"@id\":\"https:\/\/carbocampers.com.br\/#website\"},\"datePublished\":\"2025-11-14T20:02:15+00:00\",\"dateModified\":\"2025-11-14T20:04:51+00:00\",\"breadcrumb\":{\"@id\":\"https:\/\/carbocampers.com.br\/projetos-especiais\/orcamento-projetos-especiais\/#breadcrumb\"},\"inLanguage\":\"es\",\"potentialAction\":[{\"@type\":\"ReadAction\",\"target\":[\"https:\/\/carbocampers.com.br\/projetos-especiais\/orcamento-projetos-especiais\/\"]}]},{\"@type\":\"BreadcrumbList\",\"@id\":\"https:\/\/carbocampers.com.br\/projetos-especiais\/orcamento-projetos-especiais\/#breadcrumb\",\"itemListElement\":[{\"@type\":\"ListItem\",\"position\":1,\"name\":\"In\u00edcio\",\"item\":\"https:\/\/carbocampers.com.br\/\"},{\"@type\":\"ListItem\",\"position\":2,\"name\":\"Projetos Especiais\",\"item\":\"https:\/\/carbocampers.com.br\/projetos-especiais\/\"},{\"@type\":\"ListItem\",\"position\":3,\"name\":\"Orcamento Projetos Especiais\"}]},{\"@type\":\"WebSite\",\"@id\":\"https:\/\/carbocampers.com.br\/#website\",\"url\":\"https:\/\/carbocampers.com.br\/\",\"name\":\"Carbo Campers\",\"description\":\"\",\"publisher\":{\"@id\":\"https:\/\/carbocampers.com.br\/#organization\"},\"potentialAction\":[{\"@type\":\"SearchAction\",\"target\":{\"@type\":\"EntryPoint\",\"urlTemplate\":\"https:\/\/carbocampers.com.br\/?s={search_term_string}\"},\"query-input\":{\"@type\":\"PropertyValueSpecification\",\"valueRequired\":true,\"valueName\":\"search_term_string\"}}],\"inLanguage\":\"es\"},{\"@type\":\"Organization\",\"@id\":\"https:\/\/carbocampers.com.br\/#organization\",\"name\":\"Carbo Campers\",\"url\":\"https:\/\/carbocampers.com.br\/\",\"logo\":{\"@type\":\"ImageObject\",\"inLanguage\":\"es\",\"@id\":\"https:\/\/carbocampers.com.br\/#\/schema\/logo\/image\/\",\"url\":\"http:\/\/carbocampers.com.br\/wp-content\/uploads\/2022\/07\/cropped-Carbo-Campers-logo-2-2-220x90-1.png\",\"contentUrl\":\"http:\/\/carbocampers.com.br\/wp-content\/uploads\/2022\/07\/cropped-Carbo-Campers-logo-2-2-220x90-1.png\",\"width\":220,\"height\":90,\"caption\":\"Carbo Campers\"},\"image\":{\"@id\":\"https:\/\/carbocampers.com.br\/#\/schema\/logo\/image\/\"},\"sameAs\":[\"https:\/\/www.facebook.com\/carbocampers\",\"https:\/\/www.instagram.com\/carbocampers\/\"]}]}<\/script>\n<!-- \/ Yoast SEO plugin. -->","yoast_head_json":{"title":"Orcamento Projetos Especiais - Carbo Campers","robots":{"index":"index","follow":"follow","max-snippet":"max-snippet:-1","max-image-preview":"max-image-preview:large","max-video-preview":"max-video-preview:-1"},"canonical":"https:\/\/carbocampers.com.br\/es\/projetos-especiais\/orcamento-projetos-especiais\/","og_locale":"es_ES","og_type":"article","og_title":"Orcamento Projetos Especiais - Carbo Campers","og_description":"SOLICITE AQUI SEU OR\u00c7AMENTO \u00c9 s\u00f3 preencher o formul\u00e1rio abaixo.","og_url":"https:\/\/carbocampers.com.br\/es\/projetos-especiais\/orcamento-projetos-especiais\/","og_site_name":"Carbo Campers","article_publisher":"https:\/\/www.facebook.com\/carbocampers","article_modified_time":"2025-11-14T20:04:51+00:00","twitter_card":"summary_large_image","twitter_misc":{"Tiempo de lectura":"1 minuto"},"schema":{"@context":"https:\/\/schema.org","@graph":[{"@type":"WebPage","@id":"https:\/\/carbocampers.com.br\/projetos-especiais\/orcamento-projetos-especiais\/","url":"https:\/\/carbocampers.com.br\/projetos-especiais\/orcamento-projetos-especiais\/","name":"Orcamento Projetos Especiais - Carbo Campers","isPartOf":{"@id":"https:\/\/carbocampers.com.br\/#website"},"datePublished":"2025-11-14T20:02:15+00:00","dateModified":"2025-11-14T20:04:51+00:00","breadcrumb":{"@id":"https:\/\/carbocampers.com.br\/projetos-especiais\/orcamento-projetos-especiais\/#breadcrumb"},"inLanguage":"es","potentialAction":[{"@type":"ReadAction","target":["https:\/\/carbocampers.com.br\/projetos-especiais\/orcamento-projetos-especiais\/"]}]},{"@type":"BreadcrumbList","@id":"https:\/\/carbocampers.com.br\/projetos-especiais\/orcamento-projetos-especiais\/#breadcrumb","itemListElement":[{"@type":"ListItem","position":1,"name":"In\u00edcio","item":"https:\/\/carbocampers.com.br\/"},{"@type":"ListItem","position":2,"name":"Projetos Especiais","item":"https:\/\/carbocampers.com.br\/projetos-especiais\/"},{"@type":"ListItem","position":3,"name":"Orcamento Projetos Especiais"}]},{"@type":"WebSite","@id":"https:\/\/carbocampers.com.br\/#website","url":"https:\/\/carbocampers.com.br\/","name":"Carbo Campers","description":"","publisher":{"@id":"https:\/\/carbocampers.com.br\/#organization"},"potentialAction":[{"@type":"SearchAction","target":{"@type":"EntryPoint","urlTemplate":"https:\/\/carbocampers.com.br\/?s={search_term_string}"},"query-input":{"@type":"PropertyValueSpecification","valueRequired":true,"valueName":"search_term_string"}}],"inLanguage":"es"},{"@type":"Organization","@id":"https:\/\/carbocampers.com.br\/#organization","name":"Carbo Campers","url":"https:\/\/carbocampers.com.br\/","logo":{"@type":"ImageObject","inLanguage":"es","@id":"https:\/\/carbocampers.com.br\/#\/schema\/logo\/image\/","url":"http:\/\/carbocampers.com.br\/wp-content\/uploads\/2022\/07\/cropped-Carbo-Campers-logo-2-2-220x90-1.png","contentUrl":"http:\/\/carbocampers.com.br\/wp-content\/uploads\/2022\/07\/cropped-Carbo-Campers-logo-2-2-220x90-1.png","width":220,"height":90,"caption":"Carbo Campers"},"image":{"@id":"https:\/\/carbocampers.com.br\/#\/schema\/logo\/image\/"},"sameAs":["https:\/\/www.facebook.com\/carbocampers","https:\/\/www.instagram.com\/carbocampers\/"]}]}},"_links":{"self":[{"href":"https:\/\/carbocampers.com.br\/es\/wp-json\/wp\/v2\/pages\/5449","targetHints":{"allow":["GET"]}}],"collection":[{"href":"https:\/\/carbocampers.com.br\/es\/wp-json\/wp\/v2\/pages"}],"about":[{"href":"https:\/\/carbocampers.com.br\/es\/wp-json\/wp\/v2\/types\/page"}],"author":[{"embeddable":true,"href":"https:\/\/carbocampers.com.br\/es\/wp-json\/wp\/v2\/users\/6"}],"replies":[{"embeddable":true,"href":"https:\/\/carbocampers.com.br\/es\/wp-json\/wp\/v2\/comments?post=5449"}],"version-history":[{"count":8,"href":"https:\/\/carbocampers.com.br\/es\/wp-json\/wp\/v2\/pages\/5449\/revisions"}],"predecessor-version":[{"id":5460,"href":"https:\/\/carbocampers.com.br\/es\/wp-json\/wp\/v2\/pages\/5449\/revisions\/5460"}],"up":[{"embeddable":true,"href":"https:\/\/carbocampers.com.br\/es\/wp-json\/wp\/v2\/pages\/5422"}],"wp:attachment":[{"href":"https:\/\/carbocampers.com.br\/es\/wp-json\/wp\/v2\/media?parent=5449"}],"curies":[{"name":"wp","href":"https:\/\/api.w.org\/{rel}","templated":true}]}}